{"id":2078,"date":"2024-12-10T10:37:49","date_gmt":"2024-12-10T10:37:49","guid":{"rendered":"https:\/\/www.novaindustri.se\/?page_id=2078"},"modified":"2026-04-14T06:30:10","modified_gmt":"2026-04-14T06:30:10","slug":"nyheter","status":"publish","type":"page","link":"https:\/\/www.novaindustri.se\/en\/nyheter\/","title":{"rendered":"News"},"content":{"rendered":"<div data-elementor-type=\"wp-page\" data-elementor-id=\"2078\" class=\"elementor elementor-2078\" data-elementor-post-type=\"page\">\n\t\t\t\t<div class=\"elementor-element elementor-element-fb4ee1d e-flex e-con-boxed e-con e-parent\" data-id=\"fb4ee1d\" data-element_type=\"container\" data-e-type=\"container\">\n\t\t\t\t\t<div class=\"e-con-inner\">\n\t\t\t\t<div class=\"elementor-element elementor-element-e6bc3e0 elementor-widget elementor-widget-spacer\" data-id=\"e6bc3e0\" data-element_type=\"widget\" data-e-type=\"widget\" data-widget_type=\"spacer.default\">\n\t\t\t\t<div class=\"elementor-widget-container\">\n\t\t\t\t\t\t\t<div class=\"elementor-spacer\">\n\t\t\t<div class=\"elementor-spacer-inner\"><\/div>\n\t\t<\/div>\n\t\t\t\t\t\t<\/div>\n\t\t\t\t<\/div>\n\t\t\t\t<div class=\"elementor-element elementor-element-4c397b1 elementor-widget elementor-widget-heading\" data-id=\"4c397b1\" data-element_type=\"widget\" data-e-type=\"widget\" data-widget_type=\"heading.default\">\n\t\t\t\t<div class=\"elementor-widget-container\">\n\t\t\t\t\t<h1 class=\"elementor-heading-title elementor-size-default\">Nova industri - News<\/h1>\t\t\t\t<\/div>\n\t\t\t\t<\/div>\n\t\t\t\t<div class=\"elementor-element elementor-element-2691267 elementor-widget elementor-widget-text-editor\" data-id=\"2691267\" data-element_type=\"widget\" data-e-type=\"widget\" data-widget_type=\"text-editor.default\">\n\t\t\t\t<div class=\"elementor-widget-container\">\n\t\t\t\t\t\t\t\t\t<p>Welcome to our news page! Here you can find out the latest news about the company, reference projects and the latest in the industry.\u00a0\u00a0<\/p>\t\t\t\t\t\t\t\t<\/div>\n\t\t\t\t<\/div>\n\t\t\t\t\t<\/div>\n\t\t\t\t<\/div>\n\t\t<div class=\"elementor-element elementor-element-4d8721a e-flex e-con-boxed e-con e-parent\" data-id=\"4d8721a\" data-element_type=\"container\" data-e-type=\"container\">\n\t\t\t\t\t<div class=\"e-con-inner\">\n\t\t\t\t<div class=\"elementor-element elementor-element-96998b3 elementor-align-center elementor-widget elementor-widget-button\" data-id=\"96998b3\" data-element_type=\"widget\" data-e-type=\"widget\" data-widget_type=\"button.default\">\n\t\t\t\t<div class=\"elementor-widget-container\">\n\t\t\t\t\t\t\t\t\t<div class=\"elementor-button-wrapper\">\n\t\t\t\t\t<a class=\"elementor-button elementor-button-link elementor-size-sm\" href=\"\/en\/kontakt\/\">\n\t\t\t\t\t\t<span class=\"elementor-button-content-wrapper\">\n\t\t\t\t\t\t\t\t\t<span class=\"elementor-button-text\">Contact us<\/span>\n\t\t\t\t\t<\/span>\n\t\t\t\t\t<\/a>\n\t\t\t\t<\/div>\n\t\t\t\t\t\t\t\t<\/div>\n\t\t\t\t<\/div>\n\t\t\t\t<div class=\"elementor-element elementor-element-de02075 elementor-widget elementor-widget-spacer\" data-id=\"de02075\" data-element_type=\"widget\" data-e-type=\"widget\" data-widget_type=\"spacer.default\">\n\t\t\t\t<div class=\"elementor-widget-container\">\n\t\t\t\t\t\t\t<div class=\"elementor-spacer\">\n\t\t\t<div class=\"elementor-spacer-inner\"><\/div>\n\t\t<\/div>\n\t\t\t\t\t\t<\/div>\n\t\t\t\t<\/div>\n\t\t\t\t\t<\/div>\n\t\t\t\t<\/div>\n\t\t<div class=\"elementor-element elementor-element-6fcc8aa e-flex e-con-boxed e-con e-parent\" data-id=\"6fcc8aa\" data-element_type=\"container\" data-e-type=\"container\">\n\t\t\t\t\t<div class=\"e-con-inner\">\n\t\t\t\t<div class=\"elementor-element elementor-element-85f0c6b elementor-grid-3 elementor-grid-tablet-2 elementor-grid-mobile-1 elementor-posts--thumbnail-top elementor-card-shadow-yes elementor-posts__hover-gradient elementor-widget elementor-widget-posts\" data-id=\"85f0c6b\" data-element_type=\"widget\" data-e-type=\"widget\" data-settings=\"{&quot;cards_columns&quot;:&quot;3&quot;,&quot;cards_columns_tablet&quot;:&quot;2&quot;,&quot;cards_columns_mobile&quot;:&quot;1&quot;,&quot;cards_row_gap&quot;:{&quot;unit&quot;:&quot;px&quot;,&quot;size&quot;:35,&quot;sizes&quot;:[]},&quot;cards_row_gap_tablet&quot;:{&quot;unit&quot;:&quot;px&quot;,&quot;size&quot;:&quot;&quot;,&quot;sizes&quot;:[]},&quot;cards_row_gap_mobile&quot;:{&quot;unit&quot;:&quot;px&quot;,&quot;size&quot;:&quot;&quot;,&quot;sizes&quot;:[]}}\" data-widget_type=\"posts.cards\">\n\t\t\t\t<div class=\"elementor-widget-container\">\n\t\t\t\t\t\t\t<div class=\"elementor-posts-container elementor-posts elementor-posts--skin-cards elementor-grid\" role=\"list\">\n\t\t\t\t<article class=\"elementor-post elementor-grid-item post-2173 post type-post status-publish format-standard has-post-thumbnail hentry category-nyheter\" role=\"listitem\">\n\t\t\t<div class=\"elementor-post__card\">\n\t\t\t\t<a class=\"elementor-post__thumbnail__link\" href=\"https:\/\/www.novaindustri.se\/en\/vinterstangt\/\" tabindex=\"-1\" ><div class=\"elementor-post__thumbnail\"><img fetchpriority=\"high\" decoding=\"async\" width=\"300\" height=\"225\" src=\"https:\/\/www.novaindustri.se\/wp-content\/uploads\/2025\/06\/boden-sweden-nova-industri-300x225.webp\" class=\"attachment-medium size-medium wp-image-2126\" alt=\"Landskapsbild av boden\" srcset=\"https:\/\/www.novaindustri.se\/wp-content\/uploads\/2025\/06\/boden-sweden-nova-industri-300x225.webp 300w, https:\/\/www.novaindustri.se\/wp-content\/uploads\/2025\/06\/boden-sweden-nova-industri-1024x768.webp 1024w, https:\/\/www.novaindustri.se\/wp-content\/uploads\/2025\/06\/boden-sweden-nova-industri-768x576.webp 768w, https:\/\/www.novaindustri.se\/wp-content\/uploads\/2025\/06\/boden-sweden-nova-industri-1536x1152.webp 1536w, https:\/\/www.novaindustri.se\/wp-content\/uploads\/2025\/06\/boden-sweden-nova-industri-2048x1536.webp 2048w, https:\/\/www.novaindustri.se\/wp-content\/uploads\/2025\/06\/boden-sweden-nova-industri-16x12.webp 16w\" sizes=\"(max-width: 300px) 100vw, 300px\" \/><\/div><\/a>\n\t\t\t\t<div class=\"elementor-post__badge\">News<\/div>\n\t\t\t\t<div class=\"elementor-post__text\">\n\t\t\t\t<div class=\"elementor-post__title\">\n\t\t\t<a href=\"https:\/\/www.novaindustri.se\/en\/vinterstangt\/\" >\n\t\t\t\tVinterst\u00e4ngt\t\t\t<\/a>\n\t\t<\/div>\n\t\t\t\t<div class=\"elementor-post__excerpt\">\n\t\t\t<p>Under vintern tar vi en v\u00e4lf\u00f6rtj\u00e4nt vila och st\u00e4nger fr\u00e5n och med den 20\/12. Vi \u00e4r tillbaka i produktion den 7\/1. Har ni n\u00e5gra fr\u00e5gor eller funderingar kan ni alltid mejla oss p\u00e5 info@novaindustri.se, s\u00e5 \u00e5terkommer vi s\u00e5 snart vi kan. God jul och gott nytt \u00e5r \u00f6nskar vi p\u00e5<\/p>\n\t\t<\/div>\n\t\t\n\t\t<a class=\"elementor-post__read-more\" href=\"https:\/\/www.novaindustri.se\/en\/vinterstangt\/\" aria-label=\"Read more about Vinterst\u00e4ngt\" tabindex=\"-1\" >\n\t\t\tL\u00e4s h\u00e4r \u00bb\t\t<\/a>\n\n\t\t\t\t<\/div>\n\t\t\t\t<div class=\"elementor-post__meta-data\">\n\t\t\t\t\t<span class=\"elementor-post-date\">\n\t\t\t2025-12-10\t\t<\/span>\n\t\t\t\t<\/div>\n\t\t\t\t\t<\/div>\n\t\t<\/article>\n\t\t\t\t<article class=\"elementor-post elementor-grid-item post-2107 post type-post status-publish format-standard has-post-thumbnail hentry category-aldre-nyheter\" role=\"listitem\">\n\t\t\t<div class=\"elementor-post__card\">\n\t\t\t\t<a class=\"elementor-post__thumbnail__link\" href=\"https:\/\/www.novaindustri.se\/en\/nova-industri-valkomnar-stefan-johansson-som-kalkylator-och-planerar\/\" tabindex=\"-1\" ><div class=\"elementor-post__thumbnail\"><img decoding=\"async\" width=\"300\" height=\"150\" src=\"https:\/\/www.novaindustri.se\/wp-content\/uploads\/2024\/12\/Namnlos-design-18-300x150.png\" class=\"attachment-medium size-medium wp-image-2087\" alt=\"Nova industris logo med bakgrund\" srcset=\"https:\/\/www.novaindustri.se\/wp-content\/uploads\/2024\/12\/Namnlos-design-18-300x150.png 300w, https:\/\/www.novaindustri.se\/wp-content\/uploads\/2024\/12\/Namnlos-design-18-1024x512.png 1024w, https:\/\/www.novaindustri.se\/wp-content\/uploads\/2024\/12\/Namnlos-design-18-768x384.png 768w, https:\/\/www.novaindustri.se\/wp-content\/uploads\/2024\/12\/Namnlos-design-18-1536x768.png 1536w, https:\/\/www.novaindustri.se\/wp-content\/uploads\/2024\/12\/Namnlos-design-18-2048x1024.png 2048w, https:\/\/www.novaindustri.se\/wp-content\/uploads\/2024\/12\/Namnlos-design-18-18x9.png 18w\" sizes=\"(max-width: 300px) 100vw, 300px\" \/><\/div><\/a>\n\t\t\t\t<div class=\"elementor-post__badge\">\u00c4ldre nyheter<\/div>\n\t\t\t\t<div class=\"elementor-post__text\">\n\t\t\t\t<div class=\"elementor-post__title\">\n\t\t\t<a href=\"https:\/\/www.novaindustri.se\/en\/nova-industri-valkomnar-stefan-johansson-som-kalkylator-och-planerar\/\" >\n\t\t\t\tNova industri welcomes Stefan Johansson as estimator and plans\t\t\t<\/a>\n\t\t<\/div>\n\t\t\t\t<div class=\"elementor-post__excerpt\">\n\t\t\t<p>Nova Industri f\u00f6rst\u00e4rker teamet med Stefan Johansson! Vi p\u00e5 Nova industri har n\u00f6jet att v\u00e4lkomna Stefan Johansson som ny kalkylator och planerare hos oss p\u00e5 Nova Industri. Med gedigen erfarenhet inom kalkylering och projektplanering kommer han att spela en viktig roll i att effektivisera v\u00e5ra arbetsprocesser. Stefans noggrannhet och analytiska<\/p>\n\t\t<\/div>\n\t\t\n\t\t<a class=\"elementor-post__read-more\" href=\"https:\/\/www.novaindustri.se\/en\/nova-industri-valkomnar-stefan-johansson-som-kalkylator-och-planerar\/\" aria-label=\"Read more about Nova industri v\u00e4lkomnar Stefan Johansson som kalkylator och planerar\" tabindex=\"-1\" >\n\t\t\tL\u00e4s h\u00e4r \u00bb\t\t<\/a>\n\n\t\t\t\t<\/div>\n\t\t\t\t<div class=\"elementor-post__meta-data\">\n\t\t\t\t\t<span class=\"elementor-post-date\">\n\t\t\t2025-01-31\t\t<\/span>\n\t\t\t\t<\/div>\n\t\t\t\t\t<\/div>\n\t\t<\/article>\n\t\t\t\t<article class=\"elementor-post elementor-grid-item post-2106 post type-post status-publish format-standard has-post-thumbnail hentry category-aldre-nyheter\" role=\"listitem\">\n\t\t\t<div class=\"elementor-post__card\">\n\t\t\t\t<a class=\"elementor-post__thumbnail__link\" href=\"https:\/\/www.novaindustri.se\/en\/nytt-serviceteam\/\" tabindex=\"-1\" ><div class=\"elementor-post__thumbnail\"><img decoding=\"async\" width=\"300\" height=\"69\" src=\"https:\/\/www.novaindustri.se\/wp-content\/uploads\/2024\/02\/service_toppbild-1024x237-1-300x69.jpg\" class=\"attachment-medium size-medium wp-image-1663\" alt=\"Nova industri banner\" srcset=\"https:\/\/www.novaindustri.se\/wp-content\/uploads\/2024\/02\/service_toppbild-1024x237-1-300x69.jpg 300w, https:\/\/www.novaindustri.se\/wp-content\/uploads\/2024\/02\/service_toppbild-1024x237-1-768x178.jpg 768w, https:\/\/www.novaindustri.se\/wp-content\/uploads\/2024\/02\/service_toppbild-1024x237-1.jpg 1024w\" sizes=\"(max-width: 300px) 100vw, 300px\" \/><\/div><\/a>\n\t\t\t\t<div class=\"elementor-post__badge\">\u00c4ldre nyheter<\/div>\n\t\t\t\t<div class=\"elementor-post__text\">\n\t\t\t\t<div class=\"elementor-post__title\">\n\t\t\t<a href=\"https:\/\/www.novaindustri.se\/en\/nytt-serviceteam\/\" >\n\t\t\t\tNew service team\t\t\t<\/a>\n\t\t<\/div>\n\t\t\t\t<div class=\"elementor-post__excerpt\">\n\t\t\t<p>We at Nova Industri are proud to announce that we are in the development phase of starting up our own new service team that will be able to assist with welding and assembly in the field. More information coming soon!<\/p>\n\t\t<\/div>\n\t\t\n\t\t<a class=\"elementor-post__read-more\" href=\"https:\/\/www.novaindustri.se\/en\/nytt-serviceteam\/\" aria-label=\"Read more about Nytt serviceteam\" tabindex=\"-1\" >\n\t\t\tL\u00e4s h\u00e4r \u00bb\t\t<\/a>\n\n\t\t\t\t<\/div>\n\t\t\t\t<div class=\"elementor-post__meta-data\">\n\t\t\t\t\t<span class=\"elementor-post-date\">\n\t\t\t2025-01-31\t\t<\/span>\n\t\t\t\t<\/div>\n\t\t\t\t\t<\/div>\n\t\t<\/article>\n\t\t\t\t<article class=\"elementor-post elementor-grid-item post-2089 post type-post status-publish format-standard has-post-thumbnail hentry category-aldre-nyheter\" role=\"listitem\">\n\t\t\t<div class=\"elementor-post__card\">\n\t\t\t\t<a class=\"elementor-post__thumbnail__link\" href=\"https:\/\/www.novaindustri.se\/en\/nova-industri-valkomnar-tillbaka-jonatan-blom-som-svetsare\/\" tabindex=\"-1\" ><div class=\"elementor-post__thumbnail\"><img decoding=\"async\" width=\"300\" height=\"150\" src=\"https:\/\/www.novaindustri.se\/wp-content\/uploads\/2024\/12\/Namnlos-design-18-300x150.png\" class=\"attachment-medium size-medium wp-image-2087\" alt=\"Nova industris logo med bakgrund\" srcset=\"https:\/\/www.novaindustri.se\/wp-content\/uploads\/2024\/12\/Namnlos-design-18-300x150.png 300w, https:\/\/www.novaindustri.se\/wp-content\/uploads\/2024\/12\/Namnlos-design-18-1024x512.png 1024w, https:\/\/www.novaindustri.se\/wp-content\/uploads\/2024\/12\/Namnlos-design-18-768x384.png 768w, https:\/\/www.novaindustri.se\/wp-content\/uploads\/2024\/12\/Namnlos-design-18-1536x768.png 1536w, https:\/\/www.novaindustri.se\/wp-content\/uploads\/2024\/12\/Namnlos-design-18-2048x1024.png 2048w, https:\/\/www.novaindustri.se\/wp-content\/uploads\/2024\/12\/Namnlos-design-18-18x9.png 18w\" sizes=\"(max-width: 300px) 100vw, 300px\" \/><\/div><\/a>\n\t\t\t\t<div class=\"elementor-post__badge\">\u00c4ldre nyheter<\/div>\n\t\t\t\t<div class=\"elementor-post__text\">\n\t\t\t\t<div class=\"elementor-post__title\">\n\t\t\t<a href=\"https:\/\/www.novaindustri.se\/en\/nova-industri-valkomnar-tillbaka-jonatan-blom-som-svetsare\/\" >\n\t\t\t\tNova Industri welcomes back Jonatan Blom as welder\t\t\t<\/a>\n\t\t<\/div>\n\t\t\t\t<div class=\"elementor-post__excerpt\">\n\t\t\t<p>Nova Industri \u00e4r glada att meddela att Jonatan Blom \u00e5terigen \u00e4r en del av v\u00e5rt team! Jonatan, som har l\u00e5ng erfarenhet inom montage och svets, \u00e5terv\u00e4nder till oss f\u00f6r att&nbsp; bidra med sin expertis som svetsare. Hans \u00e5terkomst inneb\u00e4r en v\u00e4lbeh\u00f6vlig f\u00f6rst\u00e4rkning i takt med att f\u00f6retaget expanderar och tar<\/p>\n\t\t<\/div>\n\t\t\n\t\t<a class=\"elementor-post__read-more\" href=\"https:\/\/www.novaindustri.se\/en\/nova-industri-valkomnar-tillbaka-jonatan-blom-som-svetsare\/\" aria-label=\"Read more about Nova Industri v\u00e4lkomnar tillbaka Jonatan Blom som svetsare\" tabindex=\"-1\" >\n\t\t\tL\u00e4s h\u00e4r \u00bb\t\t<\/a>\n\n\t\t\t\t<\/div>\n\t\t\t\t<div class=\"elementor-post__meta-data\">\n\t\t\t\t\t<span class=\"elementor-post-date\">\n\t\t\t2024-12-19\t\t<\/span>\n\t\t\t\t<\/div>\n\t\t\t\t\t<\/div>\n\t\t<\/article>\n\t\t\t\t<\/div>\n\t\t\n\t\t\t\t\t\t<\/div>\n\t\t\t\t<\/div>\n\t\t\t\t\t<\/div>\n\t\t\t\t<\/div>\n\t\t<div class=\"elementor-element elementor-element-fabf1f0 e-flex e-con-boxed e-con e-parent\" data-id=\"fabf1f0\" data-element_type=\"container\" data-e-type=\"container\">\n\t\t\t\t\t<div class=\"e-con-inner\">\n\t\t\t\t<div class=\"elementor-element elementor-element-b2e933a elementor-widget elementor-widget-spacer\" data-id=\"b2e933a\" data-element_type=\"widget\" data-e-type=\"widget\" data-widget_type=\"spacer.default\">\n\t\t\t\t<div class=\"elementor-widget-container\">\n\t\t\t\t\t\t\t<div class=\"elementor-spacer\">\n\t\t\t<div class=\"elementor-spacer-inner\"><\/div>\n\t\t<\/div>\n\t\t\t\t\t\t<\/div>\n\t\t\t\t<\/div>\n\t\t\t\t\t<\/div>\n\t\t\t\t<\/div>\n\t\t\t\t<\/div>","protected":false},"excerpt":{"rendered":"<p>Nova industri &#8211; Nyheter V\u00e4lkommen till v\u00e5r nyhetssida! H\u00e4r kan ni ta del av det senaste inom f\u00f6retaget, ta del [&hellip;]<\/p>\n","protected":false},"author":4,"featured_media":0,"parent":0,"menu_order":0,"comment_status":"closed","ping_status":"closed","template":"","meta":{"site-sidebar-layout":"no-sidebar","site-content-layout":"","ast-site-content-layout":"full-width-container","site-content-style":"default","site-sidebar-style":"default","ast-global-header-display":"","ast-banner-title-visibility":"","ast-main-header-display":"","ast-hfb-above-header-display":"","ast-hfb-below-header-display":"","ast-hfb-mobile-header-display":"","site-post-title":"disabled","ast-breadcrumbs-content":"","ast-featured-img":"disabled","footer-sml-layout":"","ast-disable-related-posts":"","theme-transparent-header-meta":"","adv-header-id-meta":"","stick-header-meta":"","header-above-stick-meta":"","header-main-stick-meta":"","header-below-stick-meta":"","astra-migrate-meta-layouts":"default","ast-page-background-enabled":"default","ast-page-background-meta":{"desktop":{"background-color":"var(--ast-global-color-4)","background-image":"","background-repeat":"repeat","background-position":"center center","background-size":"auto","background-attachment":"scroll","background-type":"","background-media":"","overlay-type":"","overlay-color":"","overlay-opacity":"","overlay-gradient":""},"tablet":{"background-color":"","background-image":"","background-repeat":"repeat","background-position":"center center","background-size":"auto","background-attachment":"scroll","background-type":"","background-media":"","overlay-type":"","overlay-color":"","overlay-opacity":"","overlay-gradient":""},"mobile":{"background-color":"","background-image":"","background-repeat":"repeat","background-position":"center center","background-size":"auto","background-attachment":"scroll","background-type":"","background-media":"","overlay-type":"","overlay-color":"","overlay-opacity":"","overlay-gradient":""}},"ast-content-background-meta":{"desktop":{"background-color":"var(--ast-global-color-5)","background-image":"","background-repeat":"repeat","background-position":"center center","background-size":"auto","background-attachment":"scroll","background-type":"","background-media":"","overlay-type":"","overlay-color":"","overlay-opacity":"","overlay-gradient":""},"tablet":{"background-color":"var(--ast-global-color-5)","background-image":"","background-repeat":"repeat","background-position":"center center","background-size":"auto","background-attachment":"scroll","background-type":"","background-media":"","overlay-type":"","overlay-color":"","overlay-opacity":"","overlay-gradient":""},"mobile":{"background-color":"var(--ast-global-color-5)","background-image":"","background-repeat":"repeat","background-position":"center center","background-size":"auto","background-attachment":"scroll","background-type":"","background-media":"","overlay-type":"","overlay-color":"","overlay-opacity":"","overlay-gradient":""}},"footnotes":""},"class_list":["post-2078","page","type-page","status-publish","hentry"],"_links":{"self":[{"href":"https:\/\/www.novaindustri.se\/en\/wp-json\/wp\/v2\/pages\/2078","targetHints":{"allow":["GET"]}}],"collection":[{"href":"https:\/\/www.novaindustri.se\/en\/wp-json\/wp\/v2\/pages"}],"about":[{"href":"https:\/\/www.novaindustri.se\/en\/wp-json\/wp\/v2\/types\/page"}],"author":[{"embeddable":true,"href":"https:\/\/www.novaindustri.se\/en\/wp-json\/wp\/v2\/users\/4"}],"replies":[{"embeddable":true,"href":"https:\/\/www.novaindustri.se\/en\/wp-json\/wp\/v2\/comments?post=2078"}],"version-history":[{"count":0,"href":"https:\/\/www.novaindustri.se\/en\/wp-json\/wp\/v2\/pages\/2078\/revisions"}],"wp:attachment":[{"href":"https:\/\/www.novaindustri.se\/en\/wp-json\/wp\/v2\/media?parent=2078"}],"curies":[{"name":"wp","href":"https:\/\/api.w.org\/{rel}","templated":true}]}}