{"id":2058,"date":"2024-06-18T09:09:11","date_gmt":"2024-06-18T09:09:11","guid":{"rendered":"https:\/\/www.novaindustri.se\/?page_id=2058"},"modified":"2025-03-13T10:57:05","modified_gmt":"2025-03-13T10:57:05","slug":"om-oss","status":"publish","type":"page","link":"https:\/\/www.novaindustri.se\/en\/om-oss\/","title":{"rendered":"Om oss"},"content":{"rendered":"<div data-elementor-type=\"wp-page\" data-elementor-id=\"2058\" class=\"elementor elementor-2058\" data-elementor-post-type=\"page\">\n\t\t\t\t<div class=\"elementor-element elementor-element-ffddc61 e-flex e-con-boxed e-con e-parent\" data-id=\"ffddc61\" data-element_type=\"container\" data-e-type=\"container\" data-settings=\"{&quot;background_background&quot;:&quot;gradient&quot;}\">\n\t\t\t\t\t<div class=\"e-con-inner\">\n\t\t<div class=\"elementor-element elementor-element-d767f1e e-con-full e-flex e-con e-child\" data-id=\"d767f1e\" data-element_type=\"container\" data-e-type=\"container\">\n\t\t\t\t<div class=\"elementor-element elementor-element-00301ba elementor-widget elementor-widget-heading\" data-id=\"00301ba\" data-element_type=\"widget\" data-e-type=\"widget\" data-widget_type=\"heading.default\">\n\t\t\t\t<div class=\"elementor-widget-container\">\n\t\t\t\t\t<h1 class=\"elementor-heading-title elementor-size-default\"> Nova industri Boden &amp; Nova industri Kalix\n<\/h1>\t\t\t\t<\/div>\n\t\t\t\t<\/div>\n\t\t\t\t<\/div>\n\t\t\t\t\t<\/div>\n\t\t\t\t<\/div>\n\t\t<div class=\"elementor-element elementor-element-8b89c97 e-con-full e-flex e-con e-parent\" data-id=\"8b89c97\" data-element_type=\"container\" data-e-type=\"container\">\n\t\t\t\t<div class=\"elementor-element elementor-element-9b0c8a8 elementor-widget elementor-widget-image\" data-id=\"9b0c8a8\" data-element_type=\"widget\" data-e-type=\"widget\" data-widget_type=\"image.default\">\n\t\t\t\t<div class=\"elementor-widget-container\">\n\t\t\t\t\t\t\t\t\t\t\t\t\t\t\t<img fetchpriority=\"high\" decoding=\"async\" width=\"1024\" height=\"683\" src=\"https:\/\/www.novaindustri.se\/wp-content\/uploads\/2024\/06\/markus-spiske-EvLFiUYJAvg-unsplash-1024x683.jpg\" class=\"attachment-large size-large wp-image-2061\" alt=\"Gnistor av slipning i en mekanisk verkstad\" srcset=\"https:\/\/www.novaindustri.se\/wp-content\/uploads\/2024\/06\/markus-spiske-EvLFiUYJAvg-unsplash-1024x683.jpg 1024w, https:\/\/www.novaindustri.se\/wp-content\/uploads\/2024\/06\/markus-spiske-EvLFiUYJAvg-unsplash-300x200.jpg 300w, https:\/\/www.novaindustri.se\/wp-content\/uploads\/2024\/06\/markus-spiske-EvLFiUYJAvg-unsplash-768x512.jpg 768w, https:\/\/www.novaindustri.se\/wp-content\/uploads\/2024\/06\/markus-spiske-EvLFiUYJAvg-unsplash-1536x1024.jpg 1536w, https:\/\/www.novaindustri.se\/wp-content\/uploads\/2024\/06\/markus-spiske-EvLFiUYJAvg-unsplash-2048x1365.jpg 2048w, https:\/\/www.novaindustri.se\/wp-content\/uploads\/2024\/06\/markus-spiske-EvLFiUYJAvg-unsplash-18x12.jpg 18w\" sizes=\"(max-width: 1024px) 100vw, 1024px\" \/>\t\t\t\t\t\t\t\t\t\t\t\t\t\t\t<\/div>\n\t\t\t\t<\/div>\n\t\t\t\t<\/div>\n\t\t<div class=\"elementor-element elementor-element-de4ce71 e-flex e-con-boxed e-con e-parent\" data-id=\"de4ce71\" data-element_type=\"container\" data-e-type=\"container\">\n\t\t\t\t\t<div class=\"e-con-inner\">\n\t\t<div class=\"elementor-element elementor-element-8214778 e-flex e-con-boxed e-con e-child\" data-id=\"8214778\" data-element_type=\"container\" data-e-type=\"container\">\n\t\t\t\t\t<div class=\"e-con-inner\">\n\t\t\t\t<div class=\"elementor-element elementor-element-ed338f6 elementor-widget elementor-widget-heading\" data-id=\"ed338f6\" data-element_type=\"widget\" data-e-type=\"widget\" data-widget_type=\"heading.default\">\n\t\t\t\t<div class=\"elementor-widget-container\">\n\t\t\t\t\t<h2 class=\"elementor-heading-title elementor-size-default\">Mekanisk verkstad i Norrbotten\n\n\n\n<\/h2>\t\t\t\t<\/div>\n\t\t\t\t<\/div>\n\t\t\t\t<div class=\"elementor-element elementor-element-7446063 elementor-widget elementor-widget-text-editor\" data-id=\"7446063\" data-element_type=\"widget\" data-e-type=\"widget\" data-widget_type=\"text-editor.default\">\n\t\t\t\t<div class=\"elementor-widget-container\">\n\t\t\t\t\t\t\t\t\t<p><span class=\"TextRun SCXW30887604 BCX0\" lang=\"SV-SE\" xml:lang=\"SV-SE\" data-contrast=\"auto\"><strong><span class=\"NormalTextRun SCXW30887604 BCX0\">V\u00e4lkommen till Nova industri<\/span><\/strong><span class=\"NormalTextRun SCXW30887604 BCX0\"><strong>!<\/strong> Vi \u00e4r en mekanisk verkstad som <\/span><span class=\"NormalTextRun SCXW30887604 BCX0\">levererar industriella helhetsl\u00f6sningar till v\u00e5ra k<\/span><span class=\"NormalTextRun SCXW30887604 BCX0\">under. <\/span><span class=\"NormalTextRun SCXW30887604 BCX0\">V\u00e5ra tj\u00e4nster str\u00e4cker sig \u00f6ver hela Norrbotten och vi har i dagsl\u00e4get <\/span><span class=\"NormalTextRun SCXW30887604 BCX0\">totalt 22 anst\u00e4llda, som befinner sig i v\u00e5ra verkst\u00e4der i Boden och Kalix. <\/span><span class=\"NormalTextRun SCXW30887604 BCX0\">V\u00e5rt sammansvetsade team, ser till att processen fr\u00e5n framtagning av \u00f6nskad konstruktion till <\/span><span class=\"NormalTextRun SCXW30887604 BCX0\">bearbetning och efterbehandling, sker p\u00e5 ett tidseffektivt och noggrant s\u00e4tt<\/span><span class=\"NormalTextRun SCXW30887604 BCX0\">. P\u00e5<\/span><span class=\"NormalTextRun SCXW30887604 BCX0\"> s\u00e5 <\/span><span class=\"NormalTextRun SCXW30887604 BCX0\">s\u00e4tt blir inte<\/span><span class=\"NormalTextRun SCXW30887604 BCX0\"> slutkunds arbete <\/span><span class=\"NormalTextRun SCXW30887604 BCX0\">p\u00e5verkat och beh\u00f6ver inte <\/span><span class=\"NormalTextRun SCXW30887604 BCX0\">stanna upp <\/span><span class=\"NormalTextRun SCXW30887604 BCX0\">p\u00e5 grund av en outsourcad produktion<\/span><span class=\"NormalTextRun SCXW30887604 BCX0\">.<\/span> <span class=\"NormalTextRun SCXW30887604 BCX0\">Ut\u00f6ver tillverkandet av nya komponenter s\u00e5 erbjuder vi p\u00e5 Nova industri \u00e4ven service och installation av produktionsutrustning p\u00e5 p<\/span><span class=\"NormalTextRun SCXW30887604 BCX0\">lats<\/span> <span class=\"NormalTextRun SCXW30887604 BCX0\">hos kund. Den breda kompetensniv\u00e5 som har utvecklats sedan starten i mitten p\u00e5 60-talet, <\/span><span class=\"NormalTextRun SCXW30887604 BCX0\">resulterar just i industriella helhetsl\u00f6sningar fr\u00e5n ny produktion efter specifika \u00f6nskem\u00e5l, reparation och ser<\/span><span class=\"NormalTextRun SCXW30887604 BCX0\">vice av befintlig utrustning. De mest \u00e5terkommande m\u00e5lgrupperna vi arbetar mot \u00e4r, papper<\/span><span class=\"NormalTextRun SCXW30887604 BCX0\">sindustrin, v\u00e4rmeverk och vattenkraft. <\/span><span class=\"NormalTextRun SCXW30887604 BCX0\">L\u00e4s mer kring vilken <\/span><\/span><span class=\"TextRun SCXW30887604 BCX0\" lang=\"SV-SE\" xml:lang=\"SV-SE\" data-contrast=\"none\"><span class=\"NormalTextRun SCXW30887604 BCX0\">equipment<\/span><\/span><span class=\"TextRun SCXW30887604 BCX0\" lang=\"SV-SE\" xml:lang=\"SV-SE\" data-contrast=\"auto\"><span class=\"NormalTextRun SCXW30887604 BCX0\"> vi anv\u00e4nder i v\u00e5r produktion samt hur vi kan <\/span><span class=\"NormalTextRun SCXW30887604 BCX0\">komplettera er <\/span><span class=\"NormalTextRun SCXW30887604 BCX0\">i er <\/span><span class=\"NormalTextRun SCXW30887604 BCX0\">tillverkning.\u00a0<\/span><\/span><span class=\"EOP SCXW30887604 BCX0\" data-ccp-props=\"{&quot;201341983&quot;:0,&quot;335559739&quot;:160,&quot;335559740&quot;:259}\">\u00a0<\/span><\/p>\t\t\t\t\t\t\t\t<\/div>\n\t\t\t\t<\/div>\n\t\t\t\t<div class=\"elementor-element elementor-element-31c5a33 elementor-widget elementor-widget-heading\" data-id=\"31c5a33\" data-element_type=\"widget\" data-e-type=\"widget\" data-widget_type=\"heading.default\">\n\t\t\t\t<div class=\"elementor-widget-container\">\n\t\t\t\t\t<h3 class=\"elementor-heading-title elementor-size-default\">Nova industri - En helhetsleverant\u00f6r av industritj\u00e4nster och er mekaniska verkstad i Boden och Kalix. Vi erbjuder: <\/h3>\t\t\t\t<\/div>\n\t\t\t\t<\/div>\n\t\t\t\t\t<\/div>\n\t\t\t\t<\/div>\n\t\t\t\t\t<\/div>\n\t\t\t\t<\/div>\n\t\t<div class=\"elementor-element elementor-element-ba0f259 e-flex e-con-boxed e-con e-parent\" data-id=\"ba0f259\" data-element_type=\"container\" data-e-type=\"container\" data-settings=\"{&quot;background_background&quot;:&quot;classic&quot;}\">\n\t\t\t\t\t<div class=\"e-con-inner\">\n\t\t<div class=\"elementor-element elementor-element-853fd62 e-con-full e-flex e-con e-child\" data-id=\"853fd62\" data-element_type=\"container\" data-e-type=\"container\">\n\t\t<div class=\"elementor-element elementor-element-7a72748 e-con-full e-flex e-con e-child\" data-id=\"7a72748\" data-element_type=\"container\" data-e-type=\"container\">\n\t\t<div class=\"elementor-element elementor-element-d8f27a4 e-con-full e-flex e-con e-child\" data-id=\"d8f27a4\" data-element_type=\"container\" data-e-type=\"container\" data-settings=\"{&quot;background_background&quot;:&quot;classic&quot;}\">\n\t\t\t\t<div class=\"elementor-element elementor-element-4ab383d elementor-widget elementor-widget-image\" data-id=\"4ab383d\" data-element_type=\"widget\" data-e-type=\"widget\" data-widget_type=\"image.default\">\n\t\t\t\t<div class=\"elementor-widget-container\">\n\t\t\t\t\t\t\t\t\t\t\t\t\t\t\t\t<a href=\"\/en\/produktionsutrustning\/\">\n\t\t\t\t\t\t\t<img decoding=\"async\" width=\"236\" height=\"136\" src=\"https:\/\/www.novaindustri.se\/wp-content\/uploads\/2024\/02\/puff1-on.png\" class=\"attachment-large size-large wp-image-1285\" alt=\"\" \/>\t\t\t\t\t\t\t\t<\/a>\n\t\t\t\t\t\t\t\t\t\t\t\t\t\t\t<\/div>\n\t\t\t\t<\/div>\n\t\t\t\t<div class=\"elementor-element elementor-element-cca590b elementor-widget elementor-widget-heading\" data-id=\"cca590b\" data-element_type=\"widget\" data-e-type=\"widget\" data-widget_type=\"heading.default\">\n\t\t\t\t<div class=\"elementor-widget-container\">\n\t\t\t\t\t<h3 class=\"elementor-heading-title elementor-size-default\"><a href=\"\/en\/produktionsutrustning\/\">Production equipment<\/a><\/h3>\t\t\t\t<\/div>\n\t\t\t\t<\/div>\n\t\t\t\t<div class=\"elementor-element elementor-element-2b5e0b5 elementor-widget elementor-widget-heading\" data-id=\"2b5e0b5\" data-element_type=\"widget\" data-e-type=\"widget\" data-widget_type=\"heading.default\">\n\t\t\t\t<div class=\"elementor-widget-container\">\n\t\t\t\t\t<p class=\"elementor-heading-title elementor-size-default\"><a href=\"\/en\/produktionsutrustning\/\">Read more here!<\/a><\/p>\t\t\t\t<\/div>\n\t\t\t\t<\/div>\n\t\t\t\t<\/div>\n\t\t<div class=\"elementor-element elementor-element-dacdd67 e-con-full e-flex e-con e-child\" data-id=\"dacdd67\" data-element_type=\"container\" data-e-type=\"container\" data-settings=\"{&quot;background_background&quot;:&quot;classic&quot;}\">\n\t\t\t\t<div class=\"elementor-element elementor-element-38c54d9 elementor-widget elementor-widget-image\" data-id=\"38c54d9\" data-element_type=\"widget\" data-e-type=\"widget\" data-widget_type=\"image.default\">\n\t\t\t\t<div class=\"elementor-widget-container\">\n\t\t\t\t\t\t\t\t\t\t\t\t\t\t\t\t<a href=\"\/en\/underhall-reparation\/\">\n\t\t\t\t\t\t\t<img decoding=\"async\" width=\"236\" height=\"136\" src=\"https:\/\/www.novaindustri.se\/wp-content\/uploads\/2024\/02\/puff3-on.png\" class=\"attachment-large size-large wp-image-1287\" alt=\"\" \/>\t\t\t\t\t\t\t\t<\/a>\n\t\t\t\t\t\t\t\t\t\t\t\t\t\t\t<\/div>\n\t\t\t\t<\/div>\n\t\t\t\t<div class=\"elementor-element elementor-element-0942edd elementor-widget elementor-widget-heading\" data-id=\"0942edd\" data-element_type=\"widget\" data-e-type=\"widget\" data-widget_type=\"heading.default\">\n\t\t\t\t<div class=\"elementor-widget-container\">\n\t\t\t\t\t<h3 class=\"elementor-heading-title elementor-size-default\"><a href=\"\/en\/underhall-reparation\/\">Maintenance &amp; repair<\/a><\/h3>\t\t\t\t<\/div>\n\t\t\t\t<\/div>\n\t\t\t\t<div class=\"elementor-element elementor-element-a4002b2 elementor-widget elementor-widget-heading\" data-id=\"a4002b2\" data-element_type=\"widget\" data-e-type=\"widget\" data-widget_type=\"heading.default\">\n\t\t\t\t<div class=\"elementor-widget-container\">\n\t\t\t\t\t<p class=\"elementor-heading-title elementor-size-default\"><a href=\"\/en\/underhall-reparation\/\">Read more here!<\/a><\/p>\t\t\t\t<\/div>\n\t\t\t\t<\/div>\n\t\t\t\t<\/div>\n\t\t<div class=\"elementor-element elementor-element-d22d1cf e-con-full e-flex e-con e-child\" data-id=\"d22d1cf\" data-element_type=\"container\" data-e-type=\"container\" data-settings=\"{&quot;background_background&quot;:&quot;classic&quot;}\">\n\t\t\t\t<div class=\"elementor-element elementor-element-ab550db elementor-widget elementor-widget-image\" data-id=\"ab550db\" data-element_type=\"widget\" data-e-type=\"widget\" data-widget_type=\"image.default\">\n\t\t\t\t<div class=\"elementor-widget-container\">\n\t\t\t\t\t\t\t\t\t\t\t\t\t\t\t\t<a href=\"\/en\/teknik-konstruktion\/\">\n\t\t\t\t\t\t\t<img loading=\"lazy\" decoding=\"async\" width=\"236\" height=\"136\" src=\"https:\/\/www.novaindustri.se\/wp-content\/uploads\/2024\/02\/puff4-on.png\" class=\"attachment-large size-large wp-image-1286\" alt=\"\" \/>\t\t\t\t\t\t\t\t<\/a>\n\t\t\t\t\t\t\t\t\t\t\t\t\t\t\t<\/div>\n\t\t\t\t<\/div>\n\t\t\t\t<div class=\"elementor-element elementor-element-f527f51 elementor-widget elementor-widget-heading\" data-id=\"f527f51\" data-element_type=\"widget\" data-e-type=\"widget\" data-widget_type=\"heading.default\">\n\t\t\t\t<div class=\"elementor-widget-container\">\n\t\t\t\t\t<h3 class=\"elementor-heading-title elementor-size-default\"><a href=\"\/en\/teknik-konstruktion\/\">Technology &amp; construction<\/a><\/h3>\t\t\t\t<\/div>\n\t\t\t\t<\/div>\n\t\t\t\t<div class=\"elementor-element elementor-element-d2c3591 elementor-widget elementor-widget-heading\" data-id=\"d2c3591\" data-element_type=\"widget\" data-e-type=\"widget\" data-widget_type=\"heading.default\">\n\t\t\t\t<div class=\"elementor-widget-container\">\n\t\t\t\t\t<p class=\"elementor-heading-title elementor-size-default\"><a href=\"\/en\/teknik-konstruktion\/\">Read more here!<\/a><\/p>\t\t\t\t<\/div>\n\t\t\t\t<\/div>\n\t\t\t\t<\/div>\n\t\t<div class=\"elementor-element elementor-element-8936b35 e-con-full e-flex e-con e-child\" data-id=\"8936b35\" data-element_type=\"container\" data-e-type=\"container\" data-settings=\"{&quot;background_background&quot;:&quot;classic&quot;}\">\n\t\t\t\t<div class=\"elementor-element elementor-element-3ffb74c elementor-widget elementor-widget-image\" data-id=\"3ffb74c\" data-element_type=\"widget\" data-e-type=\"widget\" data-widget_type=\"image.default\">\n\t\t\t\t<div class=\"elementor-widget-container\">\n\t\t\t\t\t\t\t\t\t\t\t\t\t\t\t\t<a href=\"\/en\/tillverkning\/\">\n\t\t\t\t\t\t\t<img loading=\"lazy\" decoding=\"async\" width=\"236\" height=\"136\" src=\"https:\/\/www.novaindustri.se\/wp-content\/uploads\/2024\/02\/puff5-on.png\" class=\"attachment-large size-large wp-image-1289\" alt=\"\" \/>\t\t\t\t\t\t\t\t<\/a>\n\t\t\t\t\t\t\t\t\t\t\t\t\t\t\t<\/div>\n\t\t\t\t<\/div>\n\t\t\t\t<div class=\"elementor-element elementor-element-f242f28 elementor-widget elementor-widget-heading\" data-id=\"f242f28\" data-element_type=\"widget\" data-e-type=\"widget\" data-widget_type=\"heading.default\">\n\t\t\t\t<div class=\"elementor-widget-container\">\n\t\t\t\t\t<h3 class=\"elementor-heading-title elementor-size-default\"><a href=\"\/en\/tillverkning\/\">Manufacturing<\/a><\/h3>\t\t\t\t<\/div>\n\t\t\t\t<\/div>\n\t\t\t\t<div class=\"elementor-element elementor-element-0902cb8 elementor-widget elementor-widget-heading\" data-id=\"0902cb8\" data-element_type=\"widget\" data-e-type=\"widget\" data-widget_type=\"heading.default\">\n\t\t\t\t<div class=\"elementor-widget-container\">\n\t\t\t\t\t<p class=\"elementor-heading-title elementor-size-default\"><a href=\"\/en\/tillverkning\/\">Read more here!<\/a><\/p>\t\t\t\t<\/div>\n\t\t\t\t<\/div>\n\t\t\t\t<\/div>\n\t\t\t\t<\/div>\n\t\t<div class=\"elementor-element elementor-element-fd5e300 e-con-full e-flex e-con e-child\" data-id=\"fd5e300\" data-element_type=\"container\" data-e-type=\"container\">\n\t\t<div class=\"elementor-element elementor-element-761f7d0 e-con-full e-flex e-con e-child\" data-id=\"761f7d0\" data-element_type=\"container\" data-e-type=\"container\">\n\t\t\t\t<div class=\"elementor-element elementor-element-a9b1c24 elementor-align-center elementor-mobile-align-center elementor-widget elementor-widget-button\" data-id=\"a9b1c24\" data-element_type=\"widget\" data-e-type=\"widget\" data-widget_type=\"button.default\">\n\t\t\t\t<div class=\"elementor-widget-container\">\n\t\t\t\t\t\t\t\t\t<div class=\"elementor-button-wrapper\">\n\t\t\t\t\t<a class=\"elementor-button elementor-button-link elementor-size-sm\" href=\"\/en\/fokusomraden\/\">\n\t\t\t\t\t\t<span class=\"elementor-button-content-wrapper\">\n\t\t\t\t\t\t\t\t\t<span class=\"elementor-button-text\">Read more about our focus areas<\/span>\n\t\t\t\t\t<\/span>\n\t\t\t\t\t<\/a>\n\t\t\t\t<\/div>\n\t\t\t\t\t\t\t\t<\/div>\n\t\t\t\t<\/div>\n\t\t\t\t<\/div>\n\t\t\t\t<\/div>\n\t\t\t\t<\/div>\n\t\t\t\t\t<\/div>\n\t\t\t\t<\/div>\n\t\t\t\t<\/div>","protected":false},"excerpt":{"rendered":"<p>Nova industri Boden &amp; Nova industri Kalix Mekanisk verkstad i Norrbotten V\u00e4lkommen till Nova industri! Vi \u00e4r en mekanisk verkstad [&hellip;]<\/p>\n","protected":false},"author":4,"featured_media":0,"parent":0,"menu_order":0,"comment_status":"closed","ping_status":"closed","template":"","meta":{"site-sidebar-layout":"no-sidebar","site-content-layout":"","ast-site-content-layout":"full-width-container","site-content-style":"default","site-sidebar-style":"default","ast-global-header-display":"","ast-banner-title-visibility":"","ast-main-header-display":"","ast-hfb-above-header-display":"","ast-hfb-below-header-display":"","ast-hfb-mobile-header-display":"","site-post-title":"disabled","ast-breadcrumbs-content":"","ast-featured-img":"disabled","footer-sml-layout":"","ast-disable-related-posts":"","theme-transparent-header-meta":"","adv-header-id-meta":"","stick-header-meta":"","header-above-stick-meta":"","header-main-stick-meta":"","header-below-stick-meta":"","astra-migrate-meta-layouts":"default","ast-page-background-enabled":"default","ast-page-background-meta":{"desktop":{"background-color":"var(--ast-global-color-4)","background-image":"","background-repeat":"repeat","background-position":"center center","background-size":"auto","background-attachment":"scroll","background-type":"","background-media":"","overlay-type":"","overlay-color":"","overlay-opacity":"","overlay-gradient":""},"tablet":{"background-color":"","background-image":"","background-repeat":"repeat","background-position":"center center","background-size":"auto","background-attachment":"scroll","background-type":"","background-media":"","overlay-type":"","overlay-color":"","overlay-opacity":"","overlay-gradient":""},"mobile":{"background-color":"","background-image":"","background-repeat":"repeat","background-position":"center center","background-size":"auto","background-attachment":"scroll","background-type":"","background-media":"","overlay-type":"","overlay-color":"","overlay-opacity":"","overlay-gradient":""}},"ast-content-background-meta":{"desktop":{"background-color":"var(--ast-global-color-5)","background-image":"","background-repeat":"repeat","background-position":"center center","background-size":"auto","background-attachment":"scroll","background-type":"","background-media":"","overlay-type":"","overlay-color":"","overlay-opacity":"","overlay-gradient":""},"tablet":{"background-color":"var(--ast-global-color-5)","background-image":"","background-repeat":"repeat","background-position":"center center","background-size":"auto","background-attachment":"scroll","background-type":"","background-media":"","overlay-type":"","overlay-color":"","overlay-opacity":"","overlay-gradient":""},"mobile":{"background-color":"var(--ast-global-color-5)","background-image":"","background-repeat":"repeat","background-position":"center center","background-size":"auto","background-attachment":"scroll","background-type":"","background-media":"","overlay-type":"","overlay-color":"","overlay-opacity":"","overlay-gradient":""}},"footnotes":""},"class_list":["post-2058","page","type-page","status-publish","hentry"],"_links":{"self":[{"href":"https:\/\/www.novaindustri.se\/en\/wp-json\/wp\/v2\/pages\/2058","targetHints":{"allow":["GET"]}}],"collection":[{"href":"https:\/\/www.novaindustri.se\/en\/wp-json\/wp\/v2\/pages"}],"about":[{"href":"https:\/\/www.novaindustri.se\/en\/wp-json\/wp\/v2\/types\/page"}],"author":[{"embeddable":true,"href":"https:\/\/www.novaindustri.se\/en\/wp-json\/wp\/v2\/users\/4"}],"replies":[{"embeddable":true,"href":"https:\/\/www.novaindustri.se\/en\/wp-json\/wp\/v2\/comments?post=2058"}],"version-history":[{"count":0,"href":"https:\/\/www.novaindustri.se\/en\/wp-json\/wp\/v2\/pages\/2058\/revisions"}],"wp:attachment":[{"href":"https:\/\/www.novaindustri.se\/en\/wp-json\/wp\/v2\/media?parent=2058"}],"curies":[{"name":"wp","href":"https:\/\/api.w.org\/{rel}","templated":true}]}}