{"id":1256,"date":"2024-02-20T13:44:26","date_gmt":"2024-02-20T12:44:26","guid":{"rendered":"https:\/\/novaindustri.industritorgetbygger.se\/?page_id=1256"},"modified":"2024-09-11T09:08:08","modified_gmt":"2024-09-11T09:08:08","slug":"miljo","status":"publish","type":"page","link":"https:\/\/www.novaindustri.se\/en\/miljo\/","title":{"rendered":"Environment"},"content":{"rendered":"\t\t<div data-elementor-type=\"wp-page\" data-elementor-id=\"1256\" class=\"elementor elementor-1256\" data-elementor-post-type=\"page\">\n\t\t\t\t<div class=\"elementor-element elementor-element-55e8ad2 e-flex e-con-boxed e-con e-parent\" data-id=\"55e8ad2\" data-element_type=\"container\" data-e-type=\"container\" data-settings=\"{&quot;background_background&quot;:&quot;gradient&quot;}\">\n\t\t\t\t\t<div class=\"e-con-inner\">\n\t\t<div class=\"elementor-element elementor-element-5e7e8f58 e-con-full e-flex e-con e-child\" data-id=\"5e7e8f58\" data-element_type=\"container\" data-e-type=\"container\">\n\t\t\t\t<div class=\"elementor-element elementor-element-2595c224 elementor-widget elementor-widget-heading\" data-id=\"2595c224\" data-element_type=\"widget\" data-e-type=\"widget\" data-widget_type=\"heading.default\">\n\t\t\t\t<div class=\"elementor-widget-container\">\n\t\t\t\t\t<h3 class=\"elementor-heading-title elementor-size-default\">V\u00e5r milj\u00f6medvetenhet\n\n<\/h3>\t\t\t\t<\/div>\n\t\t\t\t<\/div>\n\t\t\t\t<\/div>\n\t\t\t\t\t<\/div>\n\t\t\t\t<\/div>\n\t\t<div class=\"elementor-element elementor-element-2e8145c2 e-con-full e-flex e-con e-parent\" data-id=\"2e8145c2\" data-element_type=\"container\" data-e-type=\"container\">\n\t\t\t\t<div class=\"elementor-element elementor-element-5965b823 elementor-widget elementor-widget-image\" data-id=\"5965b823\" data-element_type=\"widget\" data-e-type=\"widget\" data-widget_type=\"image.default\">\n\t\t\t\t<div class=\"elementor-widget-container\">\n\t\t\t\t\t\t\t\t\t\t\t\t\t\t\t<img fetchpriority=\"high\" decoding=\"async\" width=\"1024\" height=\"768\" src=\"https:\/\/www.novaindustri.se\/wp-content\/uploads\/2024\/09\/gustav-gullstrand-d6kSvT2xZQo-unsplash-1024x768.jpg\" class=\"attachment-large size-large wp-image-2066\" alt=\"En djup trollskog\" srcset=\"https:\/\/www.novaindustri.se\/wp-content\/uploads\/2024\/09\/gustav-gullstrand-d6kSvT2xZQo-unsplash-1024x768.jpg 1024w, https:\/\/www.novaindustri.se\/wp-content\/uploads\/2024\/09\/gustav-gullstrand-d6kSvT2xZQo-unsplash-300x225.jpg 300w, https:\/\/www.novaindustri.se\/wp-content\/uploads\/2024\/09\/gustav-gullstrand-d6kSvT2xZQo-unsplash-768x576.jpg 768w, https:\/\/www.novaindustri.se\/wp-content\/uploads\/2024\/09\/gustav-gullstrand-d6kSvT2xZQo-unsplash-1536x1152.jpg 1536w, https:\/\/www.novaindustri.se\/wp-content\/uploads\/2024\/09\/gustav-gullstrand-d6kSvT2xZQo-unsplash-2048x1536.jpg 2048w, https:\/\/www.novaindustri.se\/wp-content\/uploads\/2024\/09\/gustav-gullstrand-d6kSvT2xZQo-unsplash-16x12.jpg 16w\" sizes=\"(max-width: 1024px) 100vw, 1024px\" \/>\t\t\t\t\t\t\t\t\t\t\t\t\t\t\t<\/div>\n\t\t\t\t<\/div>\n\t\t\t\t<\/div>\n\t\t<div class=\"elementor-element elementor-element-71cf707e e-flex e-con-boxed e-con e-parent\" data-id=\"71cf707e\" data-element_type=\"container\" data-e-type=\"container\">\n\t\t\t\t\t<div class=\"e-con-inner\">\n\t\t<div class=\"elementor-element elementor-element-93739ce e-flex e-con-boxed e-con e-child\" data-id=\"93739ce\" data-element_type=\"container\" data-e-type=\"container\">\n\t\t\t\t\t<div class=\"e-con-inner\">\n\t\t\t\t<div class=\"elementor-element elementor-element-3ddbc7fa elementor-widget elementor-widget-heading\" data-id=\"3ddbc7fa\" data-element_type=\"widget\" data-e-type=\"widget\" data-widget_type=\"heading.default\">\n\t\t\t\t<div class=\"elementor-widget-container\">\n\t\t\t\t\t<h2 class=\"elementor-heading-title elementor-size-default\">F\u00f6r en h\u00e5llbar industri  \n\n\n\n<\/h2>\t\t\t\t<\/div>\n\t\t\t\t<\/div>\n\t\t\t\t<div class=\"elementor-element elementor-element-59a5fabe elementor-widget elementor-widget-text-editor\" data-id=\"59a5fabe\" data-element_type=\"widget\" data-e-type=\"widget\" data-widget_type=\"text-editor.default\">\n\t\t\t\t<div class=\"elementor-widget-container\">\n\t\t\t\t\t\t\t\t\t<p>Vi p\u00e5 Nova Industri \u00e4r m\u00e5na om v\u00e5r p\u00e5verkan p\u00e5 milj\u00f6n och dess aktuella utmaningar. F\u00f6r att bek\u00e4mpa framtidens utmaningar tillsammans med v\u00e5ra kunder och branschkollegor, vill vi uppm\u00e4rksamma de \u00e5tg\u00e4rder som vi tar oss an f\u00f6r att bidra till en h\u00e5llbar industri. V\u00e5ra frekvent \u00e5terkommande kunder befinner sig inom vatten-, papper- och kraftindustrin. En vanlig f\u00f6rfr\u00e5gan vi f\u00e5r \u00e4r att bygga helt nya komponenter eller maskiner f\u00f6r att effektivisera v\u00e5ra kunders arbetsfl\u00f6den p\u00e5 en daglig basis. I samband med de Globala m\u00e5len och fr\u00e4mst m\u00e5l 9: H\u00e5llbar industri, innovationer och infrastruktur har vi genomf\u00f6rt justeringar i v\u00e5r produktion, som p\u00e5 l\u00e5ng sikt skapar en h\u00e5llbarare industri. Exempel p\u00e5 det \u00e4r:\u00a0\u00a0<\/p><ul><li data-leveltext=\"-\" data-font=\"Aptos\" data-listid=\"2\" data-list-defn-props=\"{&quot;335552541&quot;:1,&quot;335559685&quot;:720,&quot;335559991&quot;:360,&quot;469769226&quot;:&quot;Aptos&quot;,&quot;469769242&quot;:[8226],&quot;469777803&quot;:&quot;left&quot;,&quot;469777804&quot;:&quot;-&quot;,&quot;469777815&quot;:&quot;hybridMultilevel&quot;}\" aria-setsize=\"-1\" data-aria-posinset=\"1\" data-aria-level=\"1\"><span data-contrast=\"auto\">Anpassade komponenter, d\u00e4r till exempel munstycken justeras s\u00e5 att det inte konsumeras on\u00f6digt mycket vatten inom ett vattenkraftverk.<\/span><span data-ccp-props=\"{&quot;201341983&quot;:0,&quot;335559739&quot;:160,&quot;335559740&quot;:279}\">\u00a0<\/span><\/li><\/ul><ul><li data-leveltext=\"-\" data-font=\"Aptos\" data-listid=\"2\" data-list-defn-props=\"{&quot;335552541&quot;:1,&quot;335559685&quot;:720,&quot;335559991&quot;:360,&quot;469769226&quot;:&quot;Aptos&quot;,&quot;469769242&quot;:[8226],&quot;469777803&quot;:&quot;left&quot;,&quot;469777804&quot;:&quot;-&quot;,&quot;469777815&quot;:&quot;hybridMultilevel&quot;}\" aria-setsize=\"-1\" data-aria-posinset=\"2\" data-aria-level=\"1\"><span data-contrast=\"auto\">Vid tillverkningen av papp har vi i \u00e5tanke kring maskinens eller komponentens effektivitet i form av att sl\u00f6sa on\u00f6dig andel pappersmassa i produktionen av papper.\u00a0<\/span><span data-ccp-props=\"{&quot;201341983&quot;:0,&quot;335559739&quot;:160,&quot;335559740&quot;:279}\">\u00a0<\/span><\/li><\/ul><ul><li data-leveltext=\"-\" data-font=\"Aptos\" data-listid=\"2\" data-list-defn-props=\"{&quot;335552541&quot;:1,&quot;335559685&quot;:720,&quot;335559991&quot;:360,&quot;469769226&quot;:&quot;Aptos&quot;,&quot;469769242&quot;:[8226],&quot;469777803&quot;:&quot;left&quot;,&quot;469777804&quot;:&quot;-&quot;,&quot;469777815&quot;:&quot;hybridMultilevel&quot;}\" aria-setsize=\"-1\" data-aria-posinset=\"3\" data-aria-level=\"1\"><span data-contrast=\"auto\">Inom kraftindustrin ser vi till att skapa r\u00e4tt f\u00f6ruts\u00e4ttningar f\u00f6r energismarta maskiner eller komponenter, som i sin tur minimerar energif\u00f6rbrukningen.<\/span><span data-ccp-props=\"{&quot;201341983&quot;:0,&quot;335559739&quot;:160,&quot;335559740&quot;:279}\">\u00a0<\/span><\/li><\/ul>\t\t\t\t\t\t\t\t<\/div>\n\t\t\t\t<\/div>\n\t\t\t\t<div class=\"elementor-element elementor-element-2a5f8a6d elementor-align-center elementor-widget elementor-widget-button\" data-id=\"2a5f8a6d\" data-element_type=\"widget\" data-e-type=\"widget\" data-widget_type=\"button.default\">\n\t\t\t\t<div class=\"elementor-widget-container\">\n\t\t\t\t\t\t\t\t\t<div class=\"elementor-button-wrapper\">\n\t\t\t\t\t<a class=\"elementor-button elementor-button-link elementor-size-sm\" href=\"\/kontakt\/\">\n\t\t\t\t\t\t<span class=\"elementor-button-content-wrapper\">\n\t\t\t\t\t\t\t\t\t<span class=\"elementor-button-text\">Kontakta oss<\/span>\n\t\t\t\t\t<\/span>\n\t\t\t\t\t<\/a>\n\t\t\t\t<\/div>\n\t\t\t\t\t\t\t\t<\/div>\n\t\t\t\t<\/div>\n\t\t\t\t\t<\/div>\n\t\t\t\t<\/div>\n\t\t\t\t\t<\/div>\n\t\t\t\t<\/div>\n\t\t<div class=\"elementor-element elementor-element-6336a19c e-flex e-con-boxed e-con e-parent\" data-id=\"6336a19c\" data-element_type=\"container\" data-e-type=\"container\">\n\t\t\t\t\t<div class=\"e-con-inner\">\n\t\t<div class=\"elementor-element elementor-element-32b1a733 e-con-full e-flex e-con e-child\" data-id=\"32b1a733\" data-element_type=\"container\" data-e-type=\"container\">\n\t\t<div class=\"elementor-element elementor-element-1b76c1c e-con-full e-flex e-con e-child\" data-id=\"1b76c1c\" data-element_type=\"container\" data-e-type=\"container\">\n\t\t<div class=\"elementor-element elementor-element-5cde8a91 e-con-full e-flex e-con e-child\" data-id=\"5cde8a91\" data-element_type=\"container\" data-e-type=\"container\" data-settings=\"{&quot;background_background&quot;:&quot;classic&quot;}\">\n\t\t\t\t<div class=\"elementor-element elementor-element-27c17cd2 elementor-widget elementor-widget-image\" data-id=\"27c17cd2\" data-element_type=\"widget\" data-e-type=\"widget\" data-widget_type=\"image.default\">\n\t\t\t\t<div class=\"elementor-widget-container\">\n\t\t\t\t\t\t\t\t\t\t\t\t\t\t\t\t<a href=\"\/produktionsutrustning\/\">\n\t\t\t\t\t\t\t<img decoding=\"async\" width=\"236\" height=\"136\" src=\"https:\/\/www.novaindustri.se\/wp-content\/uploads\/2024\/02\/puff1-on.png\" class=\"attachment-large size-large wp-image-1285\" alt=\"\" \/>\t\t\t\t\t\t\t\t<\/a>\n\t\t\t\t\t\t\t\t\t\t\t\t\t\t\t<\/div>\n\t\t\t\t<\/div>\n\t\t\t\t<div class=\"elementor-element elementor-element-452fbd79 elementor-widget elementor-widget-heading\" data-id=\"452fbd79\" data-element_type=\"widget\" data-e-type=\"widget\" data-widget_type=\"heading.default\">\n\t\t\t\t<div class=\"elementor-widget-container\">\n\t\t\t\t\t<h3 class=\"elementor-heading-title elementor-size-default\"><a href=\"\/produktionsutrustning\/\">Produktions<br>utrustning<\/a><\/h3>\t\t\t\t<\/div>\n\t\t\t\t<\/div>\n\t\t\t\t<div class=\"elementor-element elementor-element-6f4ec525 elementor-widget elementor-widget-heading\" data-id=\"6f4ec525\" data-element_type=\"widget\" data-e-type=\"widget\" data-widget_type=\"heading.default\">\n\t\t\t\t<div class=\"elementor-widget-container\">\n\t\t\t\t\t<p class=\"elementor-heading-title elementor-size-default\"><a href=\"\/produktionsutrustning\/\">L\u00e4s mer h\u00e4r!<\/a><\/p>\t\t\t\t<\/div>\n\t\t\t\t<\/div>\n\t\t\t\t<\/div>\n\t\t<div class=\"elementor-element elementor-element-2561948d e-con-full e-flex e-con e-child\" data-id=\"2561948d\" data-element_type=\"container\" data-e-type=\"container\" data-settings=\"{&quot;background_background&quot;:&quot;classic&quot;}\">\n\t\t\t\t<div class=\"elementor-element elementor-element-53f218ff elementor-widget elementor-widget-image\" data-id=\"53f218ff\" data-element_type=\"widget\" data-e-type=\"widget\" data-widget_type=\"image.default\">\n\t\t\t\t<div class=\"elementor-widget-container\">\n\t\t\t\t\t\t\t\t\t\t\t\t\t\t\t<img decoding=\"async\" width=\"236\" height=\"136\" src=\"https:\/\/www.novaindustri.se\/wp-content\/uploads\/2024\/02\/puff3-on.png\" class=\"attachment-large size-large wp-image-1287\" alt=\"\" \/>\t\t\t\t\t\t\t\t\t\t\t\t\t\t\t<\/div>\n\t\t\t\t<\/div>\n\t\t\t\t<div class=\"elementor-element elementor-element-3ee082a elementor-widget elementor-widget-heading\" data-id=\"3ee082a\" data-element_type=\"widget\" data-e-type=\"widget\" data-widget_type=\"heading.default\">\n\t\t\t\t<div class=\"elementor-widget-container\">\n\t\t\t\t\t<h3 class=\"elementor-heading-title elementor-size-default\"><a href=\"\/underhall-reparation\/\">Underh\u00e5ll &amp; reparation<\/a><\/h3>\t\t\t\t<\/div>\n\t\t\t\t<\/div>\n\t\t\t\t<div class=\"elementor-element elementor-element-52cfdd9e elementor-widget elementor-widget-heading\" data-id=\"52cfdd9e\" data-element_type=\"widget\" data-e-type=\"widget\" data-widget_type=\"heading.default\">\n\t\t\t\t<div class=\"elementor-widget-container\">\n\t\t\t\t\t<p class=\"elementor-heading-title elementor-size-default\"><a href=\"\/underhall-reparation\/\">L\u00e4s mer h\u00e4r!<\/a><\/p>\t\t\t\t<\/div>\n\t\t\t\t<\/div>\n\t\t\t\t<\/div>\n\t\t<div class=\"elementor-element elementor-element-67a88735 e-con-full e-flex e-con e-child\" data-id=\"67a88735\" data-element_type=\"container\" data-e-type=\"container\" data-settings=\"{&quot;background_background&quot;:&quot;classic&quot;}\">\n\t\t\t\t<div class=\"elementor-element elementor-element-b7a7600 elementor-widget elementor-widget-image\" data-id=\"b7a7600\" data-element_type=\"widget\" data-e-type=\"widget\" data-widget_type=\"image.default\">\n\t\t\t\t<div class=\"elementor-widget-container\">\n\t\t\t\t\t\t\t\t\t\t\t\t\t\t\t\t<a href=\"\/teknik-konstruktion\/\">\n\t\t\t\t\t\t\t<img loading=\"lazy\" decoding=\"async\" width=\"236\" height=\"136\" src=\"https:\/\/www.novaindustri.se\/wp-content\/uploads\/2024\/02\/puff4-on.png\" class=\"attachment-large size-large wp-image-1286\" alt=\"\" \/>\t\t\t\t\t\t\t\t<\/a>\n\t\t\t\t\t\t\t\t\t\t\t\t\t\t\t<\/div>\n\t\t\t\t<\/div>\n\t\t\t\t<div class=\"elementor-element elementor-element-31119241 elementor-widget elementor-widget-heading\" data-id=\"31119241\" data-element_type=\"widget\" data-e-type=\"widget\" data-widget_type=\"heading.default\">\n\t\t\t\t<div class=\"elementor-widget-container\">\n\t\t\t\t\t<h3 class=\"elementor-heading-title elementor-size-default\"><a href=\"\/teknik-konstruktion\/\">Teknik &amp; konstruktion<\/a><\/h3>\t\t\t\t<\/div>\n\t\t\t\t<\/div>\n\t\t\t\t<div class=\"elementor-element elementor-element-30e1a488 elementor-widget elementor-widget-heading\" data-id=\"30e1a488\" data-element_type=\"widget\" data-e-type=\"widget\" data-widget_type=\"heading.default\">\n\t\t\t\t<div class=\"elementor-widget-container\">\n\t\t\t\t\t<p class=\"elementor-heading-title elementor-size-default\"><a href=\"\/teknik-konstruktion\/\">L\u00e4s mer h\u00e4r!<\/a><\/p>\t\t\t\t<\/div>\n\t\t\t\t<\/div>\n\t\t\t\t<\/div>\n\t\t<div class=\"elementor-element elementor-element-2e6ee37a e-con-full e-flex e-con e-child\" data-id=\"2e6ee37a\" data-element_type=\"container\" data-e-type=\"container\" data-settings=\"{&quot;background_background&quot;:&quot;classic&quot;}\">\n\t\t\t\t<div class=\"elementor-element elementor-element-3b7ca6b8 elementor-widget elementor-widget-image\" data-id=\"3b7ca6b8\" data-element_type=\"widget\" data-e-type=\"widget\" data-widget_type=\"image.default\">\n\t\t\t\t<div class=\"elementor-widget-container\">\n\t\t\t\t\t\t\t\t\t\t\t\t\t\t\t\t<a href=\"\/tillverkning\/\">\n\t\t\t\t\t\t\t<img loading=\"lazy\" decoding=\"async\" width=\"236\" height=\"136\" src=\"https:\/\/www.novaindustri.se\/wp-content\/uploads\/2024\/02\/puff5-on.png\" class=\"attachment-large size-large wp-image-1289\" alt=\"\" \/>\t\t\t\t\t\t\t\t<\/a>\n\t\t\t\t\t\t\t\t\t\t\t\t\t\t\t<\/div>\n\t\t\t\t<\/div>\n\t\t\t\t<div class=\"elementor-element elementor-element-6e6c089a elementor-widget elementor-widget-heading\" data-id=\"6e6c089a\" data-element_type=\"widget\" data-e-type=\"widget\" data-widget_type=\"heading.default\">\n\t\t\t\t<div class=\"elementor-widget-container\">\n\t\t\t\t\t<h3 class=\"elementor-heading-title elementor-size-default\"><a href=\"\/tillverkning\/\">Tillverkning<\/a><\/h3>\t\t\t\t<\/div>\n\t\t\t\t<\/div>\n\t\t\t\t<div class=\"elementor-element elementor-element-74238be4 elementor-widget elementor-widget-heading\" data-id=\"74238be4\" data-element_type=\"widget\" data-e-type=\"widget\" data-widget_type=\"heading.default\">\n\t\t\t\t<div class=\"elementor-widget-container\">\n\t\t\t\t\t<p class=\"elementor-heading-title elementor-size-default\"><a href=\"\/tillverkning\/\">L\u00e4s mer h\u00e4r!<\/a><\/p>\t\t\t\t<\/div>\n\t\t\t\t<\/div>\n\t\t\t\t<\/div>\n\t\t\t\t<\/div>\n\t\t\t\t<\/div>\n\t\t\t\t\t<\/div>\n\t\t\t\t<\/div>\n\t\t\t\t<\/div>\n\t\t","protected":false},"excerpt":{"rendered":"<p>V\u00e5r milj\u00f6medvetenhet F\u00f6r en h\u00e5llbar industri Vi p\u00e5 Nova Industri \u00e4r m\u00e5na om v\u00e5r p\u00e5verkan p\u00e5 milj\u00f6n och dess aktuella [&hellip;]<\/p>\n","protected":false},"author":4,"featured_media":0,"parent":0,"menu_order":0,"comment_status":"closed","ping_status":"closed","template":"","meta":{"site-sidebar-layout":"no-sidebar","site-content-layout":"page-builder","ast-site-content-layout":"full-width-container","site-content-style":"default","site-sidebar-style":"default","ast-global-header-display":"","ast-banner-title-visibility":"","ast-main-header-display":"","ast-hfb-above-header-display":"","ast-hfb-below-header-display":"","ast-hfb-mobile-header-display":"","site-post-title":"disabled","ast-breadcrumbs-content":"","ast-featured-img":"disabled","footer-sml-layout":"","ast-disable-related-posts":"","theme-transparent-header-meta":"","adv-header-id-meta":"","stick-header-meta":"","header-above-stick-meta":"","header-main-stick-meta":"","header-below-stick-meta":"","astra-migrate-meta-layouts":"set","ast-page-background-enabled":"default","ast-page-background-meta":{"desktop":{"background-color":"var(--ast-global-color-4)","background-image":"","background-repeat":"repeat","background-position":"center center","background-size":"auto","background-attachment":"scroll","background-type":"","background-media":"","overlay-type":"","overlay-color":"","overlay-opacity":"","overlay-gradient":""},"tablet":{"background-color":"","background-image":"","background-repeat":"repeat","background-position":"center center","background-size":"auto","background-attachment":"scroll","background-type":"","background-media":"","overlay-type":"","overlay-color":"","overlay-opacity":"","overlay-gradient":""},"mobile":{"background-color":"","background-image":"","background-repeat":"repeat","background-position":"center center","background-size":"auto","background-attachment":"scroll","background-type":"","background-media":"","overlay-type":"","overlay-color":"","overlay-opacity":"","overlay-gradient":""}},"ast-content-background-meta":{"desktop":{"background-color":"var(--ast-global-color-5)","background-image":"","background-repeat":"repeat","background-position":"center center","background-size":"auto","background-attachment":"scroll","background-type":"","background-media":"","overlay-type":"","overlay-color":"","overlay-opacity":"","overlay-gradient":""},"tablet":{"background-color":"var(--ast-global-color-5)","background-image":"","background-repeat":"repeat","background-position":"center center","background-size":"auto","background-attachment":"scroll","background-type":"","background-media":"","overlay-type":"","overlay-color":"","overlay-opacity":"","overlay-gradient":""},"mobile":{"background-color":"var(--ast-global-color-5)","background-image":"","background-repeat":"repeat","background-position":"center center","background-size":"auto","background-attachment":"scroll","background-type":"","background-media":"","overlay-type":"","overlay-color":"","overlay-opacity":"","overlay-gradient":""}},"footnotes":""},"class_list":["post-1256","page","type-page","status-publish","hentry"],"_links":{"self":[{"href":"https:\/\/www.novaindustri.se\/en\/wp-json\/wp\/v2\/pages\/1256","targetHints":{"allow":["GET"]}}],"collection":[{"href":"https:\/\/www.novaindustri.se\/en\/wp-json\/wp\/v2\/pages"}],"about":[{"href":"https:\/\/www.novaindustri.se\/en\/wp-json\/wp\/v2\/types\/page"}],"author":[{"embeddable":true,"href":"https:\/\/www.novaindustri.se\/en\/wp-json\/wp\/v2\/users\/4"}],"replies":[{"embeddable":true,"href":"https:\/\/www.novaindustri.se\/en\/wp-json\/wp\/v2\/comments?post=1256"}],"version-history":[{"count":0,"href":"https:\/\/www.novaindustri.se\/en\/wp-json\/wp\/v2\/pages\/1256\/revisions"}],"wp:attachment":[{"href":"https:\/\/www.novaindustri.se\/en\/wp-json\/wp\/v2\/media?parent=1256"}],"curies":[{"name":"wp","href":"https:\/\/api.w.org\/{rel}","templated":true}]}}