{"id":1242,"date":"2024-02-20T13:41:21","date_gmt":"2024-02-20T12:41:21","guid":{"rendered":"https:\/\/novaindustri.industritorgetbygger.se\/?page_id=1242"},"modified":"2024-02-20T13:41:21","modified_gmt":"2024-02-20T12:41:21","slug":"referensprojekt","status":"publish","type":"page","link":"https:\/\/www.novaindustri.se\/en\/referensprojekt\/","title":{"rendered":"Reference project\u00a0"},"content":{"rendered":"<div data-elementor-type=\"wp-page\" data-elementor-id=\"1242\" class=\"elementor elementor-1242\" data-elementor-post-type=\"page\">\n\t\t\t\t<div class=\"elementor-element elementor-element-655e0dcb e-flex e-con-boxed e-con e-parent\" data-id=\"655e0dcb\" data-element_type=\"container\" data-e-type=\"container\" data-settings=\"{&quot;background_background&quot;:&quot;gradient&quot;}\">\n\t\t\t\t\t<div class=\"e-con-inner\">\n\t\t<div class=\"elementor-element elementor-element-18f56dc6 e-con-full e-flex e-con e-child\" data-id=\"18f56dc6\" data-element_type=\"container\" data-e-type=\"container\">\n\t\t\t\t<div class=\"elementor-element elementor-element-78ed796a elementor-widget elementor-widget-heading\" data-id=\"78ed796a\" data-element_type=\"widget\" data-e-type=\"widget\" data-widget_type=\"heading.default\">\n\t\t\t\t<div class=\"elementor-widget-container\">\n\t\t\t\t\t<h3 class=\"elementor-heading-title elementor-size-default\">We perform repairs on equipment that is delivered to our workshop.\n\n\n<\/h3>\t\t\t\t<\/div>\n\t\t\t\t<\/div>\n\t\t\t\t<\/div>\n\t\t\t\t\t<\/div>\n\t\t\t\t<\/div>\n\t\t<div class=\"elementor-element elementor-element-5462ced1 e-flex e-con-boxed e-con e-parent\" data-id=\"5462ced1\" data-element_type=\"container\" data-e-type=\"container\">\n\t\t\t\t\t<div class=\"e-con-inner\">\n\t\t<div class=\"elementor-element elementor-element-6f21a596 e-flex e-con-boxed e-con e-child\" data-id=\"6f21a596\" data-element_type=\"container\" data-e-type=\"container\">\n\t\t\t\t\t<div class=\"e-con-inner\">\n\t\t\t\t<div class=\"elementor-element elementor-element-2a927777 elementor-widget elementor-widget-heading\" data-id=\"2a927777\" data-element_type=\"widget\" data-e-type=\"widget\" data-widget_type=\"heading.default\">\n\t\t\t\t<div class=\"elementor-widget-container\">\n\t\t\t\t\t<h2 class=\"elementor-heading-title elementor-size-default\">Find our reference projects here\n\n\n\n\n<\/h2>\t\t\t\t<\/div>\n\t\t\t\t<\/div>\n\t\t\t\t<div class=\"elementor-element elementor-element-1a034c7 elementor-grid-3 elementor-grid-tablet-2 elementor-grid-mobile-1 elementor-posts--thumbnail-top elementor-card-shadow-yes elementor-posts__hover-gradient elementor-widget elementor-widget-posts\" data-id=\"1a034c7\" data-element_type=\"widget\" data-e-type=\"widget\" data-settings=\"{&quot;cards_columns&quot;:&quot;3&quot;,&quot;cards_columns_tablet&quot;:&quot;2&quot;,&quot;cards_columns_mobile&quot;:&quot;1&quot;,&quot;cards_row_gap&quot;:{&quot;unit&quot;:&quot;px&quot;,&quot;size&quot;:35,&quot;sizes&quot;:[]},&quot;cards_row_gap_tablet&quot;:{&quot;unit&quot;:&quot;px&quot;,&quot;size&quot;:&quot;&quot;,&quot;sizes&quot;:[]},&quot;cards_row_gap_mobile&quot;:{&quot;unit&quot;:&quot;px&quot;,&quot;size&quot;:&quot;&quot;,&quot;sizes&quot;:[]}}\" data-widget_type=\"posts.cards\">\n\t\t\t\t<div class=\"elementor-widget-container\">\n\t\t\t\t\t\t\t<div class=\"elementor-posts-container elementor-posts elementor-posts--skin-cards elementor-grid\" role=\"list\">\n\t\t\t\t<article class=\"elementor-post elementor-grid-item post-2173 post type-post status-publish format-standard has-post-thumbnail hentry category-nyheter\" role=\"listitem\">\n\t\t\t<div class=\"elementor-post__card\">\n\t\t\t\t<a class=\"elementor-post__thumbnail__link\" href=\"https:\/\/www.novaindustri.se\/en\/vinterstangt\/\" tabindex=\"-1\" target=\"_blank\"><div class=\"elementor-post__thumbnail\"><img fetchpriority=\"high\" decoding=\"async\" width=\"2560\" height=\"1920\" src=\"https:\/\/www.novaindustri.se\/wp-content\/uploads\/2025\/06\/boden-sweden-nova-industri-scaled.webp\" class=\"attachment-full size-full wp-image-2126\" alt=\"Landskapsbild av boden\" srcset=\"https:\/\/www.novaindustri.se\/wp-content\/uploads\/2025\/06\/boden-sweden-nova-industri-scaled.webp 2560w, https:\/\/www.novaindustri.se\/wp-content\/uploads\/2025\/06\/boden-sweden-nova-industri-300x225.webp 300w, https:\/\/www.novaindustri.se\/wp-content\/uploads\/2025\/06\/boden-sweden-nova-industri-1024x768.webp 1024w, https:\/\/www.novaindustri.se\/wp-content\/uploads\/2025\/06\/boden-sweden-nova-industri-768x576.webp 768w, https:\/\/www.novaindustri.se\/wp-content\/uploads\/2025\/06\/boden-sweden-nova-industri-1536x1152.webp 1536w, https:\/\/www.novaindustri.se\/wp-content\/uploads\/2025\/06\/boden-sweden-nova-industri-2048x1536.webp 2048w, https:\/\/www.novaindustri.se\/wp-content\/uploads\/2025\/06\/boden-sweden-nova-industri-16x12.webp 16w\" sizes=\"(max-width: 2560px) 100vw, 2560px\" \/><\/div><\/a>\n\t\t\t\t<div class=\"elementor-post__text\">\n\t\t\t\t<h3 class=\"elementor-post__title\">\n\t\t\t<a href=\"https:\/\/www.novaindustri.se\/en\/vinterstangt\/\" target=\"&quot;_blank&quot;\">\n\t\t\t\tVinterst\u00e4ngt\t\t\t<\/a>\n\t\t<\/h3>\n\t\t\t\t<div class=\"elementor-post__excerpt\">\n\t\t\t<p>Under vintern tar vi en v\u00e4lf\u00f6rtj\u00e4nt vila och st\u00e4nger fr\u00e5n och med den 20\/12. Vi \u00e4r tillbaka i produktion den<\/p>\n\t\t<\/div>\n\t\t\t\t\t<div class=\"elementor-post__read-more-wrapper\">\n\t\t\n\t\t<a class=\"elementor-post__read-more\" href=\"https:\/\/www.novaindustri.se\/en\/vinterstangt\/\" aria-label=\"Read more about Vinterst\u00e4ngt\" tabindex=\"-1\" target=\"_blank\">\n\t\t\tRead more \u00bb\t\t<\/a>\n\n\t\t\t\t\t<\/div>\n\t\t\t\t<\/div>\n\t\t\t\t\t<\/div>\n\t\t<\/article>\n\t\t\t\t<article class=\"elementor-post elementor-grid-item post-2107 post type-post status-publish format-standard has-post-thumbnail hentry category-aldre-nyheter\" role=\"listitem\">\n\t\t\t<div class=\"elementor-post__card\">\n\t\t\t\t<a class=\"elementor-post__thumbnail__link\" href=\"https:\/\/www.novaindustri.se\/en\/nova-industri-valkomnar-stefan-johansson-som-kalkylator-och-planerar\/\" tabindex=\"-1\" target=\"_blank\"><div class=\"elementor-post__thumbnail\"><img decoding=\"async\" width=\"6912\" height=\"3456\" src=\"https:\/\/www.novaindustri.se\/wp-content\/uploads\/2024\/12\/Namnlos-design-18.png\" class=\"attachment-full size-full wp-image-2087\" alt=\"Nova industris logo med bakgrund\" srcset=\"https:\/\/www.novaindustri.se\/wp-content\/uploads\/2024\/12\/Namnlos-design-18.png 6912w, https:\/\/www.novaindustri.se\/wp-content\/uploads\/2024\/12\/Namnlos-design-18-300x150.png 300w, https:\/\/www.novaindustri.se\/wp-content\/uploads\/2024\/12\/Namnlos-design-18-1024x512.png 1024w, https:\/\/www.novaindustri.se\/wp-content\/uploads\/2024\/12\/Namnlos-design-18-768x384.png 768w, https:\/\/www.novaindustri.se\/wp-content\/uploads\/2024\/12\/Namnlos-design-18-1536x768.png 1536w, https:\/\/www.novaindustri.se\/wp-content\/uploads\/2024\/12\/Namnlos-design-18-2048x1024.png 2048w, https:\/\/www.novaindustri.se\/wp-content\/uploads\/2024\/12\/Namnlos-design-18-18x9.png 18w\" sizes=\"(max-width: 6912px) 100vw, 6912px\" \/><\/div><\/a>\n\t\t\t\t<div class=\"elementor-post__text\">\n\t\t\t\t<h3 class=\"elementor-post__title\">\n\t\t\t<a href=\"https:\/\/www.novaindustri.se\/en\/nova-industri-valkomnar-stefan-johansson-som-kalkylator-och-planerar\/\" target=\"&quot;_blank&quot;\">\n\t\t\t\tNova industri welcomes Stefan Johansson as estimator and plans\t\t\t<\/a>\n\t\t<\/h3>\n\t\t\t\t<div class=\"elementor-post__excerpt\">\n\t\t\t<p>Nova Industri strengthens the team with Stefan Johansson! We at Nova Industri have the pleasure to welcome Stefan Johansson as a new estimator<\/p>\n\t\t<\/div>\n\t\t\t\t\t<div class=\"elementor-post__read-more-wrapper\">\n\t\t\n\t\t<a class=\"elementor-post__read-more\" href=\"https:\/\/www.novaindustri.se\/en\/nova-industri-valkomnar-stefan-johansson-som-kalkylator-och-planerar\/\" aria-label=\"Read more about Nova industri v\u00e4lkomnar Stefan Johansson som kalkylator och planerar\" tabindex=\"-1\" target=\"_blank\">\n\t\t\tRead more \u00bb\t\t<\/a>\n\n\t\t\t\t\t<\/div>\n\t\t\t\t<\/div>\n\t\t\t\t\t<\/div>\n\t\t<\/article>\n\t\t\t\t<article class=\"elementor-post elementor-grid-item post-2106 post type-post status-publish format-standard has-post-thumbnail hentry category-aldre-nyheter\" role=\"listitem\">\n\t\t\t<div class=\"elementor-post__card\">\n\t\t\t\t<a class=\"elementor-post__thumbnail__link\" href=\"https:\/\/www.novaindustri.se\/en\/nytt-serviceteam\/\" tabindex=\"-1\" target=\"_blank\"><div class=\"elementor-post__thumbnail\"><img decoding=\"async\" width=\"1024\" height=\"237\" src=\"https:\/\/www.novaindustri.se\/wp-content\/uploads\/2024\/02\/service_toppbild-1024x237-1.jpg\" class=\"attachment-full size-full wp-image-1663\" alt=\"Nova industri banner\" srcset=\"https:\/\/www.novaindustri.se\/wp-content\/uploads\/2024\/02\/service_toppbild-1024x237-1.jpg 1024w, https:\/\/www.novaindustri.se\/wp-content\/uploads\/2024\/02\/service_toppbild-1024x237-1-300x69.jpg 300w, https:\/\/www.novaindustri.se\/wp-content\/uploads\/2024\/02\/service_toppbild-1024x237-1-768x178.jpg 768w\" sizes=\"(max-width: 1024px) 100vw, 1024px\" \/><\/div><\/a>\n\t\t\t\t<div class=\"elementor-post__text\">\n\t\t\t\t<h3 class=\"elementor-post__title\">\n\t\t\t<a href=\"https:\/\/www.novaindustri.se\/en\/nytt-serviceteam\/\" target=\"&quot;_blank&quot;\">\n\t\t\t\tNew service team\t\t\t<\/a>\n\t\t<\/h3>\n\t\t\t\t<div class=\"elementor-post__excerpt\">\n\t\t\t<p>We at Nova Industri are proud to announce that we are in the development phase of starting up our own<\/p>\n\t\t<\/div>\n\t\t\t\t\t<div class=\"elementor-post__read-more-wrapper\">\n\t\t\n\t\t<a class=\"elementor-post__read-more\" href=\"https:\/\/www.novaindustri.se\/en\/nytt-serviceteam\/\" aria-label=\"Read more about Nytt serviceteam\" tabindex=\"-1\" target=\"_blank\">\n\t\t\tRead more \u00bb\t\t<\/a>\n\n\t\t\t\t\t<\/div>\n\t\t\t\t<\/div>\n\t\t\t\t\t<\/div>\n\t\t<\/article>\n\t\t\t\t<article class=\"elementor-post elementor-grid-item post-2089 post type-post status-publish format-standard has-post-thumbnail hentry category-aldre-nyheter\" role=\"listitem\">\n\t\t\t<div class=\"elementor-post__card\">\n\t\t\t\t<a class=\"elementor-post__thumbnail__link\" href=\"https:\/\/www.novaindustri.se\/en\/nova-industri-valkomnar-tillbaka-jonatan-blom-som-svetsare\/\" tabindex=\"-1\" target=\"_blank\"><div class=\"elementor-post__thumbnail\"><img decoding=\"async\" width=\"6912\" height=\"3456\" src=\"https:\/\/www.novaindustri.se\/wp-content\/uploads\/2024\/12\/Namnlos-design-18.png\" class=\"attachment-full size-full wp-image-2087\" alt=\"Nova industris logo med bakgrund\" srcset=\"https:\/\/www.novaindustri.se\/wp-content\/uploads\/2024\/12\/Namnlos-design-18.png 6912w, https:\/\/www.novaindustri.se\/wp-content\/uploads\/2024\/12\/Namnlos-design-18-300x150.png 300w, https:\/\/www.novaindustri.se\/wp-content\/uploads\/2024\/12\/Namnlos-design-18-1024x512.png 1024w, https:\/\/www.novaindustri.se\/wp-content\/uploads\/2024\/12\/Namnlos-design-18-768x384.png 768w, https:\/\/www.novaindustri.se\/wp-content\/uploads\/2024\/12\/Namnlos-design-18-1536x768.png 1536w, https:\/\/www.novaindustri.se\/wp-content\/uploads\/2024\/12\/Namnlos-design-18-2048x1024.png 2048w, https:\/\/www.novaindustri.se\/wp-content\/uploads\/2024\/12\/Namnlos-design-18-18x9.png 18w\" sizes=\"(max-width: 6912px) 100vw, 6912px\" \/><\/div><\/a>\n\t\t\t\t<div class=\"elementor-post__text\">\n\t\t\t\t<h3 class=\"elementor-post__title\">\n\t\t\t<a href=\"https:\/\/www.novaindustri.se\/en\/nova-industri-valkomnar-tillbaka-jonatan-blom-som-svetsare\/\" target=\"&quot;_blank&quot;\">\n\t\t\t\tNova Industri welcomes back Jonatan Blom as welder\t\t\t<\/a>\n\t\t<\/h3>\n\t\t\t\t<div class=\"elementor-post__excerpt\">\n\t\t\t<p>Nova Industri is pleased to announce that Jonatan Blom is once again part of our team! Jonatan, who has a long<\/p>\n\t\t<\/div>\n\t\t\t\t\t<div class=\"elementor-post__read-more-wrapper\">\n\t\t\n\t\t<a class=\"elementor-post__read-more\" href=\"https:\/\/www.novaindustri.se\/en\/nova-industri-valkomnar-tillbaka-jonatan-blom-som-svetsare\/\" aria-label=\"Read more about Nova Industri v\u00e4lkomnar tillbaka Jonatan Blom som svetsare\" tabindex=\"-1\" target=\"_blank\">\n\t\t\tRead more \u00bb\t\t<\/a>\n\n\t\t\t\t\t<\/div>\n\t\t\t\t<\/div>\n\t\t\t\t\t<\/div>\n\t\t<\/article>\n\t\t\t\t<\/div>\n\t\t\n\t\t\t\t\t\t<\/div>\n\t\t\t\t<\/div>\n\t\t\t\t<div class=\"elementor-element elementor-element-43ce5ecb elementor-align-center elementor-widget elementor-widget-button\" data-id=\"43ce5ecb\" data-element_type=\"widget\" data-e-type=\"widget\" data-widget_type=\"button.default\">\n\t\t\t\t<div class=\"elementor-widget-container\">\n\t\t\t\t\t\t\t\t\t<div class=\"elementor-button-wrapper\">\n\t\t\t\t\t<a class=\"elementor-button elementor-button-link elementor-size-sm\" href=\"\/en\/kontakt\/\">\n\t\t\t\t\t\t<span class=\"elementor-button-content-wrapper\">\n\t\t\t\t\t\t\t\t\t<span class=\"elementor-button-text\">Contact us<\/span>\n\t\t\t\t\t<\/span>\n\t\t\t\t\t<\/a>\n\t\t\t\t<\/div>\n\t\t\t\t\t\t\t\t<\/div>\n\t\t\t\t<\/div>\n\t\t\t\t\t<\/div>\n\t\t\t\t<\/div>\n\t\t\t\t\t<\/div>\n\t\t\t\t<\/div>\n\t\t<div class=\"elementor-element elementor-element-2445c6d7 e-flex e-con-boxed e-con e-parent\" data-id=\"2445c6d7\" data-element_type=\"container\" data-e-type=\"container\">\n\t\t\t\t\t<div class=\"e-con-inner\">\n\t\t<div class=\"elementor-element elementor-element-12b91430 e-con-full e-flex e-con e-child\" data-id=\"12b91430\" data-element_type=\"container\" data-e-type=\"container\">\n\t\t<div class=\"elementor-element elementor-element-1feb3c2 e-con-full e-flex e-con e-child\" data-id=\"1feb3c2\" data-element_type=\"container\" data-e-type=\"container\">\n\t\t<div class=\"elementor-element elementor-element-73dfe2e e-con-full e-flex e-con e-child\" data-id=\"73dfe2e\" data-element_type=\"container\" data-e-type=\"container\" data-settings=\"{&quot;background_background&quot;:&quot;classic&quot;}\">\n\t\t\t\t<div class=\"elementor-element elementor-element-3d29cc28 elementor-widget elementor-widget-image\" data-id=\"3d29cc28\" data-element_type=\"widget\" data-e-type=\"widget\" data-widget_type=\"image.default\">\n\t\t\t\t<div class=\"elementor-widget-container\">\n\t\t\t\t\t\t\t\t\t\t\t\t\t\t\t\t<a href=\"\/en\/produktionsutrustning\/\">\n\t\t\t\t\t\t\t<img loading=\"lazy\" decoding=\"async\" width=\"236\" height=\"136\" src=\"https:\/\/www.novaindustri.se\/wp-content\/uploads\/2024\/02\/puff1-on.png\" class=\"attachment-large size-large wp-image-1285\" alt=\"\" \/>\t\t\t\t\t\t\t\t<\/a>\n\t\t\t\t\t\t\t\t\t\t\t\t\t\t\t<\/div>\n\t\t\t\t<\/div>\n\t\t\t\t<div class=\"elementor-element elementor-element-29c23b7e elementor-widget elementor-widget-heading\" data-id=\"29c23b7e\" data-element_type=\"widget\" data-e-type=\"widget\" data-widget_type=\"heading.default\">\n\t\t\t\t<div class=\"elementor-widget-container\">\n\t\t\t\t\t<h3 class=\"elementor-heading-title elementor-size-default\"><a href=\"\/en\/produktionsutrustning\/\">Production<br>equipment<\/a><\/h3>\t\t\t\t<\/div>\n\t\t\t\t<\/div>\n\t\t\t\t<div class=\"elementor-element elementor-element-3df5ace elementor-widget elementor-widget-heading\" data-id=\"3df5ace\" data-element_type=\"widget\" data-e-type=\"widget\" data-widget_type=\"heading.default\">\n\t\t\t\t<div class=\"elementor-widget-container\">\n\t\t\t\t\t<p class=\"elementor-heading-title elementor-size-default\"><a href=\"\/en\/produktionsutrustning\/\">Read more here!<\/a><\/p>\t\t\t\t<\/div>\n\t\t\t\t<\/div>\n\t\t\t\t<\/div>\n\t\t<div class=\"elementor-element elementor-element-55acf970 e-con-full e-flex e-con e-child\" data-id=\"55acf970\" data-element_type=\"container\" data-e-type=\"container\" data-settings=\"{&quot;background_background&quot;:&quot;classic&quot;}\">\n\t\t\t\t<div class=\"elementor-element elementor-element-4a5c7b71 elementor-widget elementor-widget-image\" data-id=\"4a5c7b71\" data-element_type=\"widget\" data-e-type=\"widget\" data-widget_type=\"image.default\">\n\t\t\t\t<div class=\"elementor-widget-container\">\n\t\t\t\t\t\t\t\t\t\t\t\t\t\t\t\t<a href=\"\/en\/underhall-reparation\/\">\n\t\t\t\t\t\t\t<img loading=\"lazy\" decoding=\"async\" width=\"236\" height=\"136\" src=\"https:\/\/www.novaindustri.se\/wp-content\/uploads\/2024\/02\/puff3-on.png\" class=\"attachment-large size-large wp-image-1287\" alt=\"\" \/>\t\t\t\t\t\t\t\t<\/a>\n\t\t\t\t\t\t\t\t\t\t\t\t\t\t\t<\/div>\n\t\t\t\t<\/div>\n\t\t\t\t<div class=\"elementor-element elementor-element-5eac357 elementor-widget elementor-widget-heading\" data-id=\"5eac357\" data-element_type=\"widget\" data-e-type=\"widget\" data-widget_type=\"heading.default\">\n\t\t\t\t<div class=\"elementor-widget-container\">\n\t\t\t\t\t<h3 class=\"elementor-heading-title elementor-size-default\"><a href=\"\/en\/underhall-reparation\/\">Maintenance &amp; repair<\/a><\/h3>\t\t\t\t<\/div>\n\t\t\t\t<\/div>\n\t\t\t\t<div class=\"elementor-element elementor-element-743ec8a9 elementor-widget elementor-widget-heading\" data-id=\"743ec8a9\" data-element_type=\"widget\" data-e-type=\"widget\" data-widget_type=\"heading.default\">\n\t\t\t\t<div class=\"elementor-widget-container\">\n\t\t\t\t\t<p class=\"elementor-heading-title elementor-size-default\"><a href=\"\/en\/underhall-reparation\/\">Read more here!<\/a><\/p>\t\t\t\t<\/div>\n\t\t\t\t<\/div>\n\t\t\t\t<\/div>\n\t\t<div class=\"elementor-element elementor-element-72bd5ffb e-con-full e-flex e-con e-child\" data-id=\"72bd5ffb\" data-element_type=\"container\" data-e-type=\"container\" data-settings=\"{&quot;background_background&quot;:&quot;classic&quot;}\">\n\t\t\t\t<div class=\"elementor-element elementor-element-7eaac8c7 elementor-widget elementor-widget-image\" data-id=\"7eaac8c7\" data-element_type=\"widget\" data-e-type=\"widget\" data-widget_type=\"image.default\">\n\t\t\t\t<div class=\"elementor-widget-container\">\n\t\t\t\t\t\t\t\t\t\t\t\t\t\t\t\t<a href=\"\/en\/teknik-konstruktion\/\">\n\t\t\t\t\t\t\t<img loading=\"lazy\" decoding=\"async\" width=\"236\" height=\"136\" src=\"https:\/\/www.novaindustri.se\/wp-content\/uploads\/2024\/02\/puff4-on.png\" class=\"attachment-large size-large wp-image-1286\" alt=\"\" \/>\t\t\t\t\t\t\t\t<\/a>\n\t\t\t\t\t\t\t\t\t\t\t\t\t\t\t<\/div>\n\t\t\t\t<\/div>\n\t\t\t\t<div class=\"elementor-element elementor-element-4b0c4b0b elementor-widget elementor-widget-heading\" data-id=\"4b0c4b0b\" data-element_type=\"widget\" data-e-type=\"widget\" data-widget_type=\"heading.default\">\n\t\t\t\t<div class=\"elementor-widget-container\">\n\t\t\t\t\t<h3 class=\"elementor-heading-title elementor-size-default\"><a href=\"\/en\/teknik-konstruktion\/\">Technology &amp; construction<\/a><\/h3>\t\t\t\t<\/div>\n\t\t\t\t<\/div>\n\t\t\t\t<div class=\"elementor-element elementor-element-9b26e30 elementor-widget elementor-widget-heading\" data-id=\"9b26e30\" data-element_type=\"widget\" data-e-type=\"widget\" data-widget_type=\"heading.default\">\n\t\t\t\t<div class=\"elementor-widget-container\">\n\t\t\t\t\t<p class=\"elementor-heading-title elementor-size-default\"><a href=\"\/en\/teknik-konstruktion\/\">Read more here!<\/a><\/p>\t\t\t\t<\/div>\n\t\t\t\t<\/div>\n\t\t\t\t<\/div>\n\t\t<div class=\"elementor-element elementor-element-6a730763 e-con-full e-flex e-con e-child\" data-id=\"6a730763\" data-element_type=\"container\" data-e-type=\"container\" data-settings=\"{&quot;background_background&quot;:&quot;classic&quot;}\">\n\t\t\t\t<div class=\"elementor-element elementor-element-6d5c4ea9 elementor-widget elementor-widget-image\" data-id=\"6d5c4ea9\" data-element_type=\"widget\" data-e-type=\"widget\" data-widget_type=\"image.default\">\n\t\t\t\t<div class=\"elementor-widget-container\">\n\t\t\t\t\t\t\t\t\t\t\t\t\t\t\t\t<a href=\"\/en\/tillverkning\/\">\n\t\t\t\t\t\t\t<img loading=\"lazy\" decoding=\"async\" width=\"236\" height=\"136\" src=\"https:\/\/www.novaindustri.se\/wp-content\/uploads\/2024\/02\/puff5-on.png\" class=\"attachment-large size-large wp-image-1289\" alt=\"\" \/>\t\t\t\t\t\t\t\t<\/a>\n\t\t\t\t\t\t\t\t\t\t\t\t\t\t\t<\/div>\n\t\t\t\t<\/div>\n\t\t\t\t<div class=\"elementor-element elementor-element-4a76a614 elementor-widget elementor-widget-heading\" data-id=\"4a76a614\" data-element_type=\"widget\" data-e-type=\"widget\" data-widget_type=\"heading.default\">\n\t\t\t\t<div class=\"elementor-widget-container\">\n\t\t\t\t\t<h3 class=\"elementor-heading-title elementor-size-default\"><a href=\"\/en\/tillverkning\/\">Manufacturing<\/a><\/h3>\t\t\t\t<\/div>\n\t\t\t\t<\/div>\n\t\t\t\t<div class=\"elementor-element elementor-element-e33bfd6 elementor-widget elementor-widget-heading\" data-id=\"e33bfd6\" data-element_type=\"widget\" data-e-type=\"widget\" data-widget_type=\"heading.default\">\n\t\t\t\t<div class=\"elementor-widget-container\">\n\t\t\t\t\t<p class=\"elementor-heading-title elementor-size-default\"><a href=\"\/en\/tillverkning\/\">Read more here!<\/a><\/p>\t\t\t\t<\/div>\n\t\t\t\t<\/div>\n\t\t\t\t<\/div>\n\t\t\t\t<\/div>\n\t\t\t\t<\/div>\n\t\t\t\t\t<\/div>\n\t\t\t\t<\/div>\n\t\t\t\t<\/div>","protected":false},"excerpt":{"rendered":"<p>Vi utf\u00f6r reparationer av utrustning som l\u00e4mnas till v\u00e5r verkstad. Hitta v\u00e5ra referensprojekt h\u00e4r Kontakta oss Produktionsutrustning L\u00e4s mer h\u00e4r! [&hellip;]<\/p>\n","protected":false},"author":4,"featured_media":0,"parent":0,"menu_order":0,"comment_status":"closed","ping_status":"closed","template":"","meta":{"site-sidebar-layout":"no-sidebar","site-content-layout":"page-builder","ast-site-content-layout":"full-width-container","site-content-style":"default","site-sidebar-style":"default","ast-global-header-display":"","ast-banner-title-visibility":"","ast-main-header-display":"","ast-hfb-above-header-display":"","ast-hfb-below-header-display":"","ast-hfb-mobile-header-display":"","site-post-title":"disabled","ast-breadcrumbs-content":"","ast-featured-img":"disabled","footer-sml-layout":"","ast-disable-related-posts":"","theme-transparent-header-meta":"","adv-header-id-meta":"","stick-header-meta":"","header-above-stick-meta":"","header-main-stick-meta":"","header-below-stick-meta":"","astra-migrate-meta-layouts":"set","ast-page-background-enabled":"default","ast-page-background-meta":{"desktop":{"background-color":"var(--ast-global-color-4)","background-image":"","background-repeat":"repeat","background-position":"center center","background-size":"auto","background-attachment":"scroll","background-type":"","background-media":"","overlay-type":"","overlay-color":"","overlay-opacity":"","overlay-gradient":""},"tablet":{"background-color":"","background-image":"","background-repeat":"repeat","background-position":"center center","background-size":"auto","background-attachment":"scroll","background-type":"","background-media":"","overlay-type":"","overlay-color":"","overlay-opacity":"","overlay-gradient":""},"mobile":{"background-color":"","background-image":"","background-repeat":"repeat","background-position":"center center","background-size":"auto","background-attachment":"scroll","background-type":"","background-media":"","overlay-type":"","overlay-color":"","overlay-opacity":"","overlay-gradient":""}},"ast-content-background-meta":{"desktop":{"background-color":"var(--ast-global-color-5)","background-image":"","background-repeat":"repeat","background-position":"center center","background-size":"auto","background-attachment":"scroll","background-type":"","background-media":"","overlay-type":"","overlay-color":"","overlay-opacity":"","overlay-gradient":""},"tablet":{"background-color":"var(--ast-global-color-5)","background-image":"","background-repeat":"repeat","background-position":"center center","background-size":"auto","background-attachment":"scroll","background-type":"","background-media":"","overlay-type":"","overlay-color":"","overlay-opacity":"","overlay-gradient":""},"mobile":{"background-color":"var(--ast-global-color-5)","background-image":"","background-repeat":"repeat","background-position":"center center","background-size":"auto","background-attachment":"scroll","background-type":"","background-media":"","overlay-type":"","overlay-color":"","overlay-opacity":"","overlay-gradient":""}},"footnotes":""},"class_list":["post-1242","page","type-page","status-publish","hentry"],"_links":{"self":[{"href":"https:\/\/www.novaindustri.se\/en\/wp-json\/wp\/v2\/pages\/1242","targetHints":{"allow":["GET"]}}],"collection":[{"href":"https:\/\/www.novaindustri.se\/en\/wp-json\/wp\/v2\/pages"}],"about":[{"href":"https:\/\/www.novaindustri.se\/en\/wp-json\/wp\/v2\/types\/page"}],"author":[{"embeddable":true,"href":"https:\/\/www.novaindustri.se\/en\/wp-json\/wp\/v2\/users\/4"}],"replies":[{"embeddable":true,"href":"https:\/\/www.novaindustri.se\/en\/wp-json\/wp\/v2\/comments?post=1242"}],"version-history":[{"count":0,"href":"https:\/\/www.novaindustri.se\/en\/wp-json\/wp\/v2\/pages\/1242\/revisions"}],"wp:attachment":[{"href":"https:\/\/www.novaindustri.se\/en\/wp-json\/wp\/v2\/media?parent=1242"}],"curies":[{"name":"wp","href":"https:\/\/api.w.org\/{rel}","templated":true}]}}